{"id":933,"date":"2025-08-01T12:00:19","date_gmt":"2025-08-01T10:00:19","guid":{"rendered":"https:\/\/foodietoursmadrid.com\/producto\/experiencia-del-mercado-a-la-mesa\/"},"modified":"2026-03-24T13:20:40","modified_gmt":"2026-03-24T12:20:40","slug":"experiencia-del-mercado-a-la-mesa","status":"publish","type":"product","link":"https:\/\/foodietoursmadrid.com\/es\/producto\/experiencia-del-mercado-a-la-mesa\/","title":{"rendered":"Experiencia \u00abdel mercado a la mesa\u00bb"},"content":{"rendered":"<h2>De los puestos del mercado a tu plato: el aut\u00e9ntico sabor de Madrid.<\/h2>\n<p>Sum\u00e9rgete en la cultura gastron\u00f3mica local con un tour que comienza en uno de los mercados m\u00e1s emblem\u00e1ticos de Madrid. Descubra los productos de temporada, los ingredientes tradicionales y las historias que hay detr\u00e1s de ellos con un paseo guiado por los bulliciosos puestos del mercado.<\/p>\n<p>Despu\u00e9s de la visita, si\u00e9ntese a disfrutar de un men\u00fa degustaci\u00f3n dise\u00f1ado en torno a los productos que acaba de descubrir. Una aut\u00e9ntica experiencia \u00abdel mercado a la mesa\u00bb.<\/p>\n<p>Perfecto para los amantes de la gastronom\u00eda y los gourmets que desean comprender las ra\u00edces de la cocina espa\u00f1ola, m\u00e1s all\u00e1 de los restaurantes.<\/p>\n","protected":false},"excerpt":{"rendered":"<p>Explora un mercado tradicional y disfruta de un men\u00fa degustaci\u00f3n elaborado con productos frescos locales.<\/p>\n","protected":false},"featured_media":929,"comment_status":"open","ping_status":"closed","template":"","meta":{"_acf_changed":false,"_et_pb_use_builder":"off","_et_pb_old_content":"<h2>De los puestos del mercado a tu plato: el aut\u00e9ntico sabor de Madrid.<\/h2>\nSum\u00e9rgete en la cultura gastron\u00f3mica local con un tour que comienza en uno de los mercados m\u00e1s emblem\u00e1ticos de Madrid. Descubra los productos de temporada, los ingredientes tradicionales y las historias que hay detr\u00e1s de ellos con un paseo guiado por los bulliciosos puestos del mercado.\n\nDespu\u00e9s de la visita, si\u00e9ntese a disfrutar de un men\u00fa degustaci\u00f3n dise\u00f1ado en torno a los productos que acaba de descubrir. Una aut\u00e9ntica experiencia \u00abdel mercado a la mesa\u00bb.\n\nPerfecto para los amantes de la gastronom\u00eda y los gourmets que desean comprender las ra\u00edces de la cocina espa\u00f1ola, m\u00e1s all\u00e1 de los restaurantes.","_et_gb_content_width":"","_joinchat":[]},"product_brand":[],"product_cat":[22],"product_tag":[],"class_list":{"0":"post-933","1":"product","2":"type-product","3":"status-publish","4":"has-post-thumbnail","6":"product_cat-experiencias-gastronomicas-a-medida","8":"first","9":"instock","10":"shipping-taxable","11":"purchasable","12":"product-type-simple"},"acf":[],"_links":{"self":[{"href":"https:\/\/foodietoursmadrid.com\/es\/wp-json\/wp\/v2\/product\/933","targetHints":{"allow":["GET"]}}],"collection":[{"href":"https:\/\/foodietoursmadrid.com\/es\/wp-json\/wp\/v2\/product"}],"about":[{"href":"https:\/\/foodietoursmadrid.com\/es\/wp-json\/wp\/v2\/types\/product"}],"replies":[{"embeddable":true,"href":"https:\/\/foodietoursmadrid.com\/es\/wp-json\/wp\/v2\/comments?post=933"}],"wp:featuredmedia":[{"embeddable":true,"href":"https:\/\/foodietoursmadrid.com\/es\/wp-json\/wp\/v2\/media\/929"}],"wp:attachment":[{"href":"https:\/\/foodietoursmadrid.com\/es\/wp-json\/wp\/v2\/media?parent=933"}],"wp:term":[{"taxonomy":"product_brand","embeddable":true,"href":"https:\/\/foodietoursmadrid.com\/es\/wp-json\/wp\/v2\/product_brand?post=933"},{"taxonomy":"product_cat","embeddable":true,"href":"https:\/\/foodietoursmadrid.com\/es\/wp-json\/wp\/v2\/product_cat?post=933"},{"taxonomy":"product_tag","embeddable":true,"href":"https:\/\/foodietoursmadrid.com\/es\/wp-json\/wp\/v2\/product_tag?post=933"}],"curies":[{"name":"wp","href":"https:\/\/api.w.org\/{rel}","templated":true}]}}