{"id":923,"date":"2025-08-02T12:00:50","date_gmt":"2025-08-02T10:00:50","guid":{"rendered":"https:\/\/foodietoursmadrid.com\/producto\/private-gourmet-tour\/"},"modified":"2026-03-24T13:20:03","modified_gmt":"2026-03-24T12:20:03","slug":"private-gourmet-tour","status":"publish","type":"product","link":"https:\/\/foodietoursmadrid.com\/es\/producto\/private-gourmet-tour\/","title":{"rendered":"Tour gastron\u00f3mico privado"},"content":{"rendered":"<h2>Un viaje culinario exclusivo adaptado a tus gustos.<\/h2>\n<p>\u00bfBuscas algo realmente especial? Nuestros tours gastron\u00f3micos se adaptan completamente a tus intereses, horarios y preferencias. <\/p>\n<p>Tanto si te gusta la cocina con estrellas Michelin, los tesoros gastron\u00f3micos ocultos, los vinos naturales o las tapas espa\u00f1olas cl\u00e1sicas, dise\u00f1aremos la experiencia perfecta para ti. Este tour es ideal para parejas, familias, invitados corporativos o celebraciones especiales.<\/p>\n<p>Creado por expertos, presentado por profesionales y siempre 100 % aut\u00e9ntico.<\/p>\n","protected":false},"excerpt":{"rendered":"<p>Un recorrido personalizado por las joyas culinarias de la ciudad.<\/p>\n","protected":false},"featured_media":920,"comment_status":"open","ping_status":"closed","template":"","meta":{"_acf_changed":false,"_et_pb_use_builder":"","_et_pb_old_content":"","_et_gb_content_width":"","_joinchat":[]},"product_brand":[],"product_cat":[22],"product_tag":[],"class_list":{"0":"post-923","1":"product","2":"type-product","3":"status-publish","4":"has-post-thumbnail","6":"product_cat-experiencias-gastronomicas-a-medida","8":"first","9":"instock","10":"shipping-taxable","11":"purchasable","12":"product-type-simple"},"acf":[],"_links":{"self":[{"href":"https:\/\/foodietoursmadrid.com\/es\/wp-json\/wp\/v2\/product\/923","targetHints":{"allow":["GET"]}}],"collection":[{"href":"https:\/\/foodietoursmadrid.com\/es\/wp-json\/wp\/v2\/product"}],"about":[{"href":"https:\/\/foodietoursmadrid.com\/es\/wp-json\/wp\/v2\/types\/product"}],"replies":[{"embeddable":true,"href":"https:\/\/foodietoursmadrid.com\/es\/wp-json\/wp\/v2\/comments?post=923"}],"wp:featuredmedia":[{"embeddable":true,"href":"https:\/\/foodietoursmadrid.com\/es\/wp-json\/wp\/v2\/media\/920"}],"wp:attachment":[{"href":"https:\/\/foodietoursmadrid.com\/es\/wp-json\/wp\/v2\/media?parent=923"}],"wp:term":[{"taxonomy":"product_brand","embeddable":true,"href":"https:\/\/foodietoursmadrid.com\/es\/wp-json\/wp\/v2\/product_brand?post=923"},{"taxonomy":"product_cat","embeddable":true,"href":"https:\/\/foodietoursmadrid.com\/es\/wp-json\/wp\/v2\/product_cat?post=923"},{"taxonomy":"product_tag","embeddable":true,"href":"https:\/\/foodietoursmadrid.com\/es\/wp-json\/wp\/v2\/product_tag?post=923"}],"curies":[{"name":"wp","href":"https:\/\/api.w.org\/{rel}","templated":true}]}}