{"id":1027,"date":"2025-07-23T09:26:47","date_gmt":"2025-07-23T07:26:47","guid":{"rendered":"https:\/\/foodietoursmadrid.com\/producto\/experiencias-gastronomicas-100-a-medida\/"},"modified":"2026-03-24T13:23:54","modified_gmt":"2026-03-24T12:23:54","slug":"experiencias-gastronomicas-a-tu-medida","status":"publish","type":"product","link":"https:\/\/foodietoursmadrid.com\/es\/producto\/experiencias-gastronomicas-a-tu-medida\/","title":{"rendered":"Experiencia gastron\u00f3mica a medida"},"content":{"rendered":"<p>En<strong> Foodie Tours Madrid<\/strong> dise\u00f1amos <strong>experiencias gastron\u00f3micas a medida<\/strong> Cu\u00e9ntanos qui\u00e9nes sois, vuestros gustos y lo que busc\u00e1is, y transformaremos esos detalles en una <strong>experiencia culinaria \u00fanica y cuidadosamente elaborada<\/strong>, pensada para que descubr\u00e1is Madrid de una manera aut\u00e9ntica y deliciosa.<\/p>\n","protected":false},"excerpt":{"rendered":"<p>Dise\u00f1amos experiencias gastron\u00f3micas a medida, creadas especialmente para vuestro grupo<\/p>\n","protected":false},"featured_media":1026,"comment_status":"open","ping_status":"closed","template":"","meta":{"_acf_changed":false,"_et_pb_use_builder":"","_et_pb_old_content":"","_et_gb_content_width":"","_joinchat":[]},"product_brand":[],"product_cat":[22],"product_tag":[],"class_list":{"0":"post-1027","1":"product","2":"type-product","3":"status-publish","4":"has-post-thumbnail","6":"product_cat-experiencias-gastronomicas-a-medida","8":"first","9":"instock","10":"shipping-taxable","11":"purchasable","12":"product-type-simple"},"acf":[],"_links":{"self":[{"href":"https:\/\/foodietoursmadrid.com\/es\/wp-json\/wp\/v2\/product\/1027","targetHints":{"allow":["GET"]}}],"collection":[{"href":"https:\/\/foodietoursmadrid.com\/es\/wp-json\/wp\/v2\/product"}],"about":[{"href":"https:\/\/foodietoursmadrid.com\/es\/wp-json\/wp\/v2\/types\/product"}],"replies":[{"embeddable":true,"href":"https:\/\/foodietoursmadrid.com\/es\/wp-json\/wp\/v2\/comments?post=1027"}],"wp:featuredmedia":[{"embeddable":true,"href":"https:\/\/foodietoursmadrid.com\/es\/wp-json\/wp\/v2\/media\/1026"}],"wp:attachment":[{"href":"https:\/\/foodietoursmadrid.com\/es\/wp-json\/wp\/v2\/media?parent=1027"}],"wp:term":[{"taxonomy":"product_brand","embeddable":true,"href":"https:\/\/foodietoursmadrid.com\/es\/wp-json\/wp\/v2\/product_brand?post=1027"},{"taxonomy":"product_cat","embeddable":true,"href":"https:\/\/foodietoursmadrid.com\/es\/wp-json\/wp\/v2\/product_cat?post=1027"},{"taxonomy":"product_tag","embeddable":true,"href":"https:\/\/foodietoursmadrid.com\/es\/wp-json\/wp\/v2\/product_tag?post=1027"}],"curies":[{"name":"wp","href":"https:\/\/api.w.org\/{rel}","templated":true}]}}