{"id":915,"date":"2025-10-10T08:53:30","date_gmt":"2025-10-10T06:53:30","guid":{"rendered":"https:\/\/foodietoursmadrid.com\/legal\/"},"modified":"2026-03-12T09:08:23","modified_gmt":"2026-03-12T08:08:23","slug":"legal","status":"publish","type":"page","link":"https:\/\/foodietoursmadrid.com\/es\/legal\/","title":{"rendered":"legal"},"content":{"rendered":"<p>[et_pb_section fb_built=\u00bb1&#8243; _builder_version=\u00bb4.27.4&#8243; _module_preset=\u00bbdefault\u00bb background_color=\u00bbRGBA(255,255,255,0)\u00bb global_colors_info=\u00bb{}\u00bb][et_pb_row use_custom_gutter=\u00bbon\u00bb gutter_width=\u00bb2&#8243; make_equal=\u00bbon\u00bb _builder_version=\u00bb4.27.4&#8243; _module_preset=\u00bbdefault\u00bb width=\u00bb90%\u00bb max_width=\u00bb100%\u00bb custom_padding=\u00bb2em||||false|false\u00bb locked=\u00bboff\u00bb global_colors_info=\u00bb{}\u00bb][et_pb_column type=\u00bb4_4&#8243; _builder_version=\u00bb4.27.4&#8243; _module_preset=\u00bbdefault\u00bb background_enable_image=\u00bboff\u00bb background_position=\u00bbbottom_center\u00bb border_radii=\u00bbon|5px|5px|5px|5px\u00bb global_colors_info=\u00bb{}\u00bb][et_pb_text _builder_version=\u00bb4.27.4&#8243; _module_preset=\u00bbdefault\u00bb text_font=\u00bbLato|300|||||||\u00bb text_text_color=\u00bb#333333&#8243; text_font_size=\u00bb21px\u00bb text_line_height=\u00bb1.5em\u00bb header_font=\u00bbCormorant Garamond|700|||||||\u00bb header_text_align=\u00bbleft\u00bb header_font_size=\u00bb48px\u00bb header_2_font=\u00bbCormorant Garamond|700||on|||||\u00bb header_2_text_align=\u00bbleft\u00bb header_2_font_size=\u00bb6vh\u00bb custom_margin=\u00bb0px||0px||true|false\u00bb custom_padding=\u00bb0px||2em||false|false\u00bb hover_enabled=\u00bb0&#8243; header_font_size_tablet=\u00bb36px\u00bb header_font_size_phone=\u00bb32px\u00bb header_font_size_last_edited=\u00bbon|phone\u00bb header_2_font_size_tablet=\u00bb4vh\u00bb header_2_font_size_phone=\u00bb4vh\u00bb header_2_font_size_last_edited=\u00bbon|tablet\u00bb global_colors_info=\u00bb{}\u00bb sticky_enabled=\u00bb0&#8243;]<\/p>\n<h1>AVISO LEGAL Y CONDICIONES GENERALES DE USO<\/h1>\n<p>[\/et_pb_text][et_pb_text _builder_version=\u00bb4.27.4&#8243; _module_preset=\u00bbdefault\u00bb text_font=\u00bbLato|300|||||||\u00bb text_text_color=\u00bb#333333&#8243; text_font_size=\u00bb21px\u00bb text_line_height=\u00bb1.5em\u00bb header_font=\u00bbCormorant Garamond|700|||||||\u00bb header_text_align=\u00bbleft\u00bb header_font_size=\u00bb9vh\u00bb header_2_font=\u00bbCormorant Garamond|700||on|||||\u00bb header_2_text_align=\u00bbleft\u00bb header_2_font_size=\u00bb6vh\u00bb custom_margin=\u00bb0px||0px||true|false\u00bb custom_padding=\u00bb0px||2em||false|false\u00bb hover_enabled=\u00bb0&#8243; header_2_font_size_tablet=\u00bb4vh\u00bb header_2_font_size_phone=\u00bb4vh\u00bb header_2_font_size_last_edited=\u00bbon|tablet\u00bb global_colors_info=\u00bb{}\u00bb sticky_enabled=\u00bb0&#8243;]<\/p>\n<h3>I. INFORMACI\u00d3N GENERAL<\/h3>\n<p> En cumplimiento del deber de informaci\u00f3n establecido en la Ley 34\/2002, de 11 de julio, de Servicios de la Sociedad de la Informaci\u00f3n y de Comercio Electr\u00f3nico (LSSI-CE), a continuaci\u00f3n se exponen los datos generales identificativos de este sitio web:<\/p>\n<p>La titularidad de este sitio web, foodietoursmadrid.com\/ (en adelante, el Sitio Web), corresponde a: Mar\u00eda del Pilar Hermida del Llano, con NIF: 02654832B, cuyos datos de contacto son:<\/p>\n<p>La titularidad de este sitio web, foodietoursmadrid.com\/ (en adelante, el Sitio Web), corresponde a: , con NIF: , inscrita en: con los siguientes datos registrales: , cuyo representante es: , y cuyos datos de contacto son:<\/p>\n<p>Direcci\u00f3n: C\/ General Arrando 9A 5A 28010 Madrid<\/p>\n<p>Tel\u00e9fono de contacto: 667 421 025<\/p>\n<p>email: mapihermida@gmail.com<\/p>\n<h3>II. T\u00c9RMINOS Y CONDICIONES GENERALES DE USO <\/h3>\n<h4>Objetivo de los t\u00e9rminos y condiciones: El sitio web<\/h4>\n<p> El objetivo de estas Condiciones Generales de Uso (en adelante, las Condiciones) es regular el acceso y uso del Sitio Web. A los efectos de las presentes Condiciones, se entender\u00e1 por Sitio Web: la apariencia externa de las interfaces de pantalla, tanto en forma est\u00e1tica como din\u00e1mica, es decir, el \u00e1rbol de navegaci\u00f3n; y todos los elementos integrados tanto en las interfaces de pantalla como en el \u00e1rbol de navegaci\u00f3n (en adelante, el Contenido), as\u00ed como cualquier servicio o recurso en l\u00ednea que pueda ofrecerse a los Usuarios (en adelante, los Servicios).<\/p>\n<p>Foodie Tours Madrid se reserva el derecho a modificar, en cualquier momento y sin previo aviso, la presentaci\u00f3n y configuraci\u00f3n del Sitio Web y de los Contenidos y Servicios incluidos en el mismo. El Usuario reconoce y acepta que en cualquier momento Foodie Tours Madrid podr\u00e1 interrumpir, desactivar y\/o cancelar cualquiera de estos elementos integrados en el Sitio Web o el acceso a los mismos. <\/p>\n<p>El acceso al Sitio Web por parte del Usuario es gratuito y, como norma general, libre, no siendo necesario que el Usuario preste contraprestaci\u00f3n alguna para poder disfrutar del mismo, salvo en lo que respecta al coste de la conexi\u00f3n a trav\u00e9s de la red de telecomunicaciones suministrada por el proveedor de acceso contratado por el Usuario.<\/p>\n<p>Aparte del coste de conexi\u00f3n a trav\u00e9s de la red de telecomunicaciones suministrada por el proveedor de acceso contratado por el Usuario, algunos de los Contenidos o Servicios ofrecidos por Foodie Tours Madrid o, en su caso, por terceros a trav\u00e9s del Sitio Web pueden estar sujetos a la previa contrataci\u00f3n del Contenido o Servicio correspondiente, en cuyo caso as\u00ed se indicar\u00e1 claramente y\/o se pondr\u00e1n a disposici\u00f3n del Usuario las Condiciones Generales o Particulares que lo regulen.<\/p>\n<p>El uso de algunos de los Contenidos o Servicios del Sitio Web puede realizarse mediante la suscripci\u00f3n o el registro previo por parte del Usuario.<\/p>\n<p>El uso del Contenido no requiere ninguna suscripci\u00f3n o registro previo.<\/p>\n<h4>El usuario<\/h4>\n<p> El acceso, navegaci\u00f3n y uso del Sitio Web, as\u00ed como de las \u00e1reas habilitadas para la interacci\u00f3n entre los Usuarios, y entre el Usuario y Foodie Tours Madrid, tales como comentarios y\/o espacios de blogs, confiere la condici\u00f3n de Usuario, por lo que se aceptan todas las Condiciones aqu\u00ed establecidas desde el momento en que se inicia la navegaci\u00f3n por el Sitio Web, as\u00ed como cualquier modificaci\u00f3n posterior de las mismas, sin perjuicio de la aplicaci\u00f3n de la normativa legalmente vinculante correspondiente, seg\u00fan sea aplicable en cada caso In view of the importance of the foregoing, the User is recommended to read them each time they visit the Website.<\/p>\n<p>El sitio web de Foodie Tours Madrid ofrece una amplia variedad de informaci\u00f3n, servicios y datos. El usuario asume la responsabilidad de hacer un uso adecuado del sitio web. Esta responsabilidad se extiende a:  <\/p>\n<ul>\n<li>Utilizar la informaci\u00f3n, los Contenidos y\/o Servicios y datos ofrecidos por Foodie Tours Madrid sin contravenir las disposiciones de las presentes Condiciones, la Ley, la moral o el orden p\u00fablico, ni de cualquier otra forma que pueda infringir los derechos de terceros o el correcto funcionamiento del Sitio Web.<\/li>\n<li>La veracidad y legalidad de la informaci\u00f3n facilitada por el Usuario en los formularios suministrados por Foodie Tours Madrid para acceder a determinados Contenidos o Servicios ofrecidos por el Sitio Web. En cualquier caso, el Usuario deber\u00e1 notificar inmediatamente a Foodie Tours Madrid cualquier hecho que pueda permitir el uso indebido de la informaci\u00f3n registrada en dichos formularios, como, por ejemplo, el robo, la p\u00e9rdida o el acceso no autorizado a identificadores y\/o contrase\u00f1as, con el fin de proceder a su inmediata cancelaci\u00f3n. <\/li>\n<\/ul>\n<p> Foodie Tours Madrid se reserva el derecho de eliminar cualquier comentario y contribuci\u00f3n que infrinja la ley, el respeto a la dignidad de la persona, que sea discriminatorio, xen\u00f3fobo, racista, pornogr\u00e1fico, constituya spam, que sea perjudicial para la juventud o la infancia, el orden p\u00fablico o la seguridad p\u00fablica o que, en su opini\u00f3n, no sea apropiado para su publicaci\u00f3n.<\/p>\n<p>En cualquier caso, Foodie Tours Madrid no se hace responsable de las opiniones expresadas por los Usuarios a trav\u00e9s de comentarios u otras herramientas de blog o participativas que puedan existir.<\/p>\n<p>El mero acceso a este sitio web no constituye ning\u00fan tipo de relaci\u00f3n comercial entre Foodie Tours Madrid y el usuario.<\/p>\n<p>El Usuario declara ser mayor de edad y tener la capacidad legal suficiente para quedar vinculado por estas Condiciones. En consecuencia, este Sitio Web de Foodie Tours Madrid no est\u00e1 dirigido a menores de edad. Foodie Tours Madrid declina cualquier responsabilidad por el incumplimiento de este requisito.  <\/p>\n<p>Siempre de conformidad con la legislaci\u00f3n vigente, este sitio web de Foodie Tours Madrid est\u00e1 dirigido a todas las personas, independientemente de su edad, que puedan acceder y\/o navegar por las p\u00e1ginas del sitio web.<\/p>\n<p>El Sitio Web est\u00e1 destinado principalmente a Usuarios residentes en . Foodie Tours Madrid no garantiza que el Sitio Web cumpla, total o parcialmente, con la legislaci\u00f3n de otros pa\u00edses. Si el usuario reside o est\u00e1 domiciliado en otro pa\u00eds y decide acceder y\/o navegar por el sitio web, lo har\u00e1 bajo su propia responsabilidad y deber\u00e1 asegurarse de que dicho acceso y navegaci\u00f3n cumplen con la legislaci\u00f3n local que le sea aplicable, sin que Foodie Tours Madrid asuma responsabilidad alguna que pudiera derivarse de dicho acceso.  <\/p>\n<h3>III. ACCESO Y NAVEGACI\u00d3N EN EL SITIO WEB: EXCLUSI\u00d3N DE GARANT\u00cdAS Y RESPONSABILIDAD <\/h3>\n<p> Foodie Tours Madrid no garantiza la continuidad, disponibilidad y utilidad del Sitio Web, ni del Contenido o los Servicios. Foodie Tours Madrid will make every effort to ensure the proper functioning of the Website; however, it does not represent or warrant that access to this Website will be uninterrupted or error free.<\/p>\n<p>Tampoco declara ni garantiza que el contenido o el software al que se pueda acceder a trav\u00e9s de este sitio web est\u00e9 libre de errores o no cause da\u00f1os al sistema inform\u00e1tico del usuario (software y hardware). En ning\u00fan caso Foodie Tours Madrid ser\u00e1 responsable de ninguna p\u00e9rdida, da\u00f1o o perjuicio de ning\u00fan tipo que se derive del acceso, la navegaci\u00f3n y el uso del sitio web, incluidos, entre otros, los causados a los sistemas inform\u00e1ticos o los causados por la introducci\u00f3n de virus. <\/p>\n<p>Foodie Tours Madrid tampoco se hace responsable de los da\u00f1os y perjuicios que puedan causarse a los Usuarios como consecuencia del uso indebido de este Sitio Web. En particular, no se hace responsable en modo alguno de los fallos, interrupciones, falta o defectos en las telecomunicaciones que puedan producirse. <\/p>\n<h3>IV. POL\u00cdTICA DE ENLACES <\/h3>\n<p> Se informa a los usuarios que el sitio web de Foodie Tours Madrid proporciona o puede proporcionar medios de enlace (como, entre otros, enlaces, banners, botones), directorios y motores de b\u00fasqueda que permiten a los usuarios acceder a sitios web propiedad y\/o gestionados por terceros.<\/p>\n<p>La instalaci\u00f3n de estos enlaces, directorios y motores de b\u00fasqueda en el sitio web tiene como \u00fanico objetivo facilitar a los usuarios la b\u00fasqueda y el acceso a la informaci\u00f3n disponible en Internet, y no puede considerarse una sugerencia, recomendaci\u00f3n o invitaci\u00f3n a visitarlos.<\/p>\n<p>Foodie Tours Madrid no ofrece ni comercializa, ni por s\u00ed misma ni a trav\u00e9s de terceros, los productos y\/o servicios disponibles en dichos sitios enlazados.<\/p>\n<p>Foodie Tours Madrid ofrece contenido patrocinado, anuncios y\/o enlaces de afiliados. La informaci\u00f3n que aparece en estos enlaces de afiliados o anuncios insertados es proporcionada por los propios anunciantes, por lo que Foodie Tours Madrid no se hace responsable de las posibles inexactitudes o errores que puedan contener dichos anuncios, ni garantiza en modo alguno la experiencia, integridad o responsabilidad de los anunciantes ni la calidad de sus productos y\/o servicios. <\/p>\n<p>Del mismo modo, no garantiza la disponibilidad t\u00e9cnica, exactitud, veracidad, validez o legalidad de los sitios ajenos a su propiedad a los que se pueda acceder a trav\u00e9s de los enlaces.<\/p>\n<p>Foodie Tours Madrid no revisar\u00e1 ni controlar\u00e1 en ning\u00fan caso el contenido de otros sitios web, ni aprueba, examina o se hace propio los productos y servicios, contenidos, archivos y cualquier otro material existente en dichos sitios enlazados.<\/p>\n<p>Foodie Tours Madrid no asume ninguna responsabilidad por los da\u00f1os y perjuicios que pudieran derivarse del acceso, uso, calidad o legalidad de los contenidos, comunicaciones, opiniones, productos y servicios de los sitios web no gestionados por Foodie Tours Madrid y que est\u00e9n enlazados en este sitio web.<\/p>\n<p>El usuario o tercero que establezca un hiperv\u00ednculo desde una p\u00e1gina web de otro sitio web diferente al sitio web de Foodie Tours Madrid debe tener en cuenta que:<\/p>\n<p>Queda prohibida la reproducci\u00f3n total o parcial de cualquiera de los Contenidos y\/o Servicios del Sitio Web sin la autorizaci\u00f3n expresa de Foodie Tours Madrid.<\/p>\n<p>No se permite ninguna declaraci\u00f3n falsa, inexacta o incorrecta sobre el sitio web de Foodie Tours Madrid o sobre su contenido y\/o servicios.<\/p>\n<p>Salvo el hiperv\u00ednculo, el sitio web en el que se establezca dicho hiperv\u00ednculo no podr\u00e1 contener ning\u00fan elemento de este sitio web protegido como propiedad intelectual por la legislaci\u00f3n espa\u00f1ola, salvo autorizaci\u00f3n expresa de Foodie Tours Madrid.<\/p>\n<p>El establecimiento del hiperv\u00ednculo no implicar\u00e1 la existencia de ninguna relaci\u00f3n entre Foodie Tours Madrid y el titular del sitio web desde el que se establezca, ni el conocimiento y aceptaci\u00f3n por parte de Foodie Tours Madrid de los contenidos, servicios y\/o actividades ofrecidos en dicho sitio web, y viceversa.<\/p>\n<h3>V. PROPIEDAD INTELECTUAL E INDUSTRIAL<\/h3>\n<p> Foodie Tours Madrid, por s\u00ed misma o como cesionaria, es titular de todos los derechos de propiedad intelectual e industrial del Sitio Web, as\u00ed como de los elementos contenidos en el mismo (incluyendo, a t\u00edtulo enunciativo, im\u00e1genes, sonido, audio, v\u00eddeo, software o textos, marcas o logotipos, combinaciones de colores, estructura y dise\u00f1o, selecci\u00f3n de materiales utilizados, programas inform\u00e1ticos necesarios para su funcionamiento, acceso y uso, etc.). Consequently, these shall be works protected as intellectual property under Spanish law, and both Spanish and EU regulations in this field, as well as international treaties relating to the subject and signed by Spain, shall apply.<\/p>\n<p>Todos los derechos reservados. De conformidad con lo dispuesto en la Ley de Propiedad Intelectual, quedan expresamente prohibidas la reproducci\u00f3n, la distribuci\u00f3n y la comunicaci\u00f3n p\u00fablica, incluida su modalidad de puesta a disposici\u00f3n, de la totalidad o parte de los contenidos de esta p\u00e1gina web con fines comerciales, en cualquier soporte y por cualquier medio t\u00e9cnico, sin la autorizaci\u00f3n de Foodie Tours Madrid. <\/p>\n<p>El Usuario se compromete a respetar los derechos de propiedad intelectual e industrial de Foodie Tours Madrid. El Usuario podr\u00e1 visualizar los elementos del Sitio Web e incluso imprimirlos, copiarlos y almacenarlos en el disco duro de su ordenador o en cualquier otro soporte f\u00edsico, siempre y cuando sea para su uso personal y exclusivo. No obstante, el Usuario no podr\u00e1 suprimir, alterar o manipular ning\u00fan dispositivo de protecci\u00f3n o sistema de seguridad instalado en el Sitio Web.  <\/p>\n<p>Si el Usuario o un tercero considera que alguno de los Contenidos del Sitio Web constituye una violaci\u00f3n de los derechos de protecci\u00f3n de la propiedad intelectual, deber\u00e1 notificarlo inmediatamente a Foodie Tours Madrid utilizando los datos de contacto que figuran en la secci\u00f3n INFORMACI\u00d3N GENERAL del presente Aviso Legal y Condiciones Generales de Uso.<\/p>\n<h3>VI. ACCIONES LEGALES, LEY APLICABLE Y JURISDICCI\u00d3N <\/h3>\n<p> Foodie Tours Madrid se reserva el derecho de emprender las acciones civiles o penales que considere necesarias por el uso indebido del Sitio web y del Contenido, o por el incumplimiento de las presentes Condiciones.<\/p>\n<p>La relaci\u00f3n entre el Usuario y Foodie Tours Madrid se regir\u00e1 por la normativa vigente y de aplicaci\u00f3n en el territorio espa\u00f1ol. En caso de surgir cualquier controversia en relaci\u00f3n con la interpretaci\u00f3n y\/o aplicaci\u00f3n de las presentes Condiciones, las partes someter\u00e1n sus conflictos a la jurisdicci\u00f3n ordinaria, someti\u00e9ndose a los jueces y tribunales que correspondan de conformidad con la ley. [\/et_pb_text][\/et_pb_column][\/et_pb_row][\/et_pb_section]<\/p>\n","protected":false},"excerpt":{"rendered":"<p>AVISO LEGAL Y CONDICIONES GENERALES DE USOI. INFORMACI\u00d3N GENERAL En cumplimiento del deber de informaci\u00f3n establecido en la Ley 34\/2002, de 11 de julio, de Servicios de la Sociedad de la Informaci\u00f3n y de Comercio Electr\u00f3nico (LSSI-CE), a continuaci\u00f3n se exponen los datos generales identificativos de este sitio web: La titularidad de este sitio web, [&hellip;]<\/p>\n","protected":false},"author":1,"featured_media":0,"parent":0,"menu_order":0,"comment_status":"closed","ping_status":"closed","template":"","meta":{"_acf_changed":false,"_et_pb_use_builder":"on","_et_pb_old_content":"","_et_gb_content_width":"","_joinchat":[],"footnotes":""},"class_list":["post-915","page","type-page","status-publish","hentry"],"acf":[],"_links":{"self":[{"href":"https:\/\/foodietoursmadrid.com\/es\/wp-json\/wp\/v2\/pages\/915","targetHints":{"allow":["GET"]}}],"collection":[{"href":"https:\/\/foodietoursmadrid.com\/es\/wp-json\/wp\/v2\/pages"}],"about":[{"href":"https:\/\/foodietoursmadrid.com\/es\/wp-json\/wp\/v2\/types\/page"}],"author":[{"embeddable":true,"href":"https:\/\/foodietoursmadrid.com\/es\/wp-json\/wp\/v2\/users\/1"}],"replies":[{"embeddable":true,"href":"https:\/\/foodietoursmadrid.com\/es\/wp-json\/wp\/v2\/comments?post=915"}],"version-history":[{"count":4,"href":"https:\/\/foodietoursmadrid.com\/es\/wp-json\/wp\/v2\/pages\/915\/revisions"}],"predecessor-version":[{"id":981,"href":"https:\/\/foodietoursmadrid.com\/es\/wp-json\/wp\/v2\/pages\/915\/revisions\/981"}],"wp:attachment":[{"href":"https:\/\/foodietoursmadrid.com\/es\/wp-json\/wp\/v2\/media?parent=915"}],"curies":[{"name":"wp","href":"https:\/\/api.w.org\/{rel}","templated":true}]}}