{"id":912,"date":"2025-10-10T08:56:09","date_gmt":"2025-10-10T06:56:09","guid":{"rendered":"https:\/\/foodietoursmadrid.com\/cookies\/"},"modified":"2026-03-12T09:05:59","modified_gmt":"2026-03-12T08:05:59","slug":"cookies","status":"publish","type":"page","link":"https:\/\/foodietoursmadrid.com\/es\/cookies\/","title":{"rendered":"Cookies"},"content":{"rendered":"<p>[et_pb_section fb_built=\u00bb1&#8243; _builder_version=\u00bb4.27.4&#8243; _module_preset=\u00bbdefault\u00bb background_color=\u00bbRGBA(255,255,255,0)\u00bb global_colors_info=\u00bb{}\u00bb theme_builder_area=\u00bbpost_content\u00bb][et_pb_row use_custom_gutter=\u00bbon\u00bb gutter_width=\u00bb2&#8243; make_equal=\u00bbon\u00bb _builder_version=\u00bb4.27.4&#8243; _module_preset=\u00bbdefault\u00bb width=\u00bb90%\u00bb max_width=\u00bb100%\u00bb custom_padding=\u00bb2em||||false|false\u00bb locked=\u00bboff\u00bb global_colors_info=\u00bb{}\u00bb theme_builder_area=\u00bbpost_content\u00bb][et_pb_column type=\u00bb4_4&#8243; _builder_version=\u00bb4.27.4&#8243; _module_preset=\u00bbdefault\u00bb background_enable_image=\u00bboff\u00bb background_position=\u00bbbottom_center\u00bb border_radii=\u00bbon|5px|5px|5px|5px\u00bb global_colors_info=\u00bb{}\u00bb theme_builder_area=\u00bbpost_content\u00bb][et_pb_text _builder_version=\u00bb4.27.4&#8243; _module_preset=\u00bbdefault\u00bb text_font=\u00bbLato|300|||||||\u00bb text_text_color=\u00bb#333333&#8243; text_font_size=\u00bb21px\u00bb text_line_height=\u00bb1.5em\u00bb header_font=\u00bbCormorant Garamond|700|||||||\u00bb header_text_align=\u00bbleft\u00bb header_font_size=\u00bb48px\u00bb header_2_font=\u00bbCormorant Garamond|700||on|||||\u00bb header_2_text_align=\u00bbleft\u00bb header_2_font_size=\u00bb6vh\u00bb custom_margin=\u00bb0px||0px||true|false\u00bb custom_padding=\u00bb0px||2em||false|false\u00bb hover_enabled=\u00bb0&#8243; header_font_size_tablet=\u00bb36px\u00bb header_font_size_phone=\u00bb32px\u00bb header_font_size_last_edited=\u00bbon|phone\u00bb header_2_font_size_tablet=\u00bb4vh\u00bb header_2_font_size_phone=\u00bb4vh\u00bb header_2_font_size_last_edited=\u00bbon|tablet\u00bb global_colors_info=\u00bb{}\u00bb theme_builder_area=\u00bbpost_content\u00bb sticky_enabled=\u00bb0&#8243;]<\/p>\n<h1>COOKIE POLICY<\/h1>\n<p>[\/et_pb_text][et_pb_text _builder_version=\u00bb4.27.4&#8243; _module_preset=\u00bbdefault\u00bb text_font=\u00bbLato|300|||||||\u00bb text_text_color=\u00bb#333333&#8243; text_font_size=\u00bb21px\u00bb text_line_height=\u00bb1.5em\u00bb header_font=\u00bbCormorant Garamond|700|||||||\u00bb header_text_align=\u00bbleft\u00bb header_font_size=\u00bb9vh\u00bb header_2_font=\u00bbCormorant Garamond|700||on|||||\u00bb header_2_text_align=\u00bbleft\u00bb header_2_font_size=\u00bb6vh\u00bb custom_margin=\u00bb0px||0px||true|false\u00bb custom_padding=\u00bb0px||2em||false|false\u00bb hover_enabled=\u00bb0&#8243; header_2_font_size_tablet=\u00bb4vh\u00bb header_2_font_size_phone=\u00bb4vh\u00bb header_2_font_size_last_edited=\u00bbon|tablet\u00bb global_colors_info=\u00bb{}\u00bb theme_builder_area=\u00bbpost_content\u00bb sticky_enabled=\u00bb0&#8243; link_font=\u00bb|600|||on|||#000000|\u00bb link_text_color=\u00bb#000000&#8243;]<\/p>\n<p>El acceso a este sitio web puede implicar el uso de cookies. Las cookies son peque\u00f1as cantidades de informaci\u00f3n que se almacenan en el navegador utilizado por cada usuario \u2014en los diferentes dispositivos que pueda utilizar para navegar\u2014 para que el servidor recuerde cierta informaci\u00f3n que posteriormente y solo ser\u00e1 le\u00edda por el servidor que la implement\u00f3. Las cookies facilitan la navegaci\u00f3n, la hacen m\u00e1s intuitiva y no da\u00f1an el dispositivo de navegaci\u00f3n.  <\/p>\n<p>Las cookies son procedimientos autom\u00e1ticos de recogida de informaci\u00f3n relativa a las preferencias determinadas por el usuario durante su visita al sitio web, con el fin de reconocerlo como usuario y personalizar su experiencia y uso del sitio web. Tambi\u00e9n pueden, por ejemplo, ayudar a identificar y resolver errores. <\/p>\n<p>La informaci\u00f3n recopilada a trav\u00e9s de las cookies puede incluir la fecha y hora de las visitas al sitio web, las p\u00e1ginas visitadas, el tiempo dedicado al sitio web y los sitios visitados justo antes y despu\u00e9s de \u00e9l. Sin embargo, ninguna cookie permite ponerse en contacto con el n\u00famero de tel\u00e9fono del usuario ni con ning\u00fan otro medio de contacto personal. Ninguna cookie puede extraer informaci\u00f3n del disco duro del usuario ni robar informaci\u00f3n personal. La \u00fanica forma en que la informaci\u00f3n privada del usuario puede formar parte del archivo de cookies es que el usuario proporcione personalmente esa informaci\u00f3n al servidor.   <\/p>\n<p>Las cookies que permiten identificar a una persona se consideran datos personales. Por lo tanto, se les aplicar\u00e1 la Pol\u00edtica de privacidad descrita anteriormente. A este respecto, se requerir\u00e1 el consentimiento del usuario para su uso. Este consentimiento se comunicar\u00e1 sobre la base de una elecci\u00f3n aut\u00e9ntica, expresada mediante una decisi\u00f3n afirmativa y positiva, antes del tratamiento inicial, y ser\u00e1 revocable y documentado.   <\/p>\n<h4>Cookies propias<\/h4>\n<p>Son cookies que se env\u00edan al ordenador o dispositivo del Usuario y son gestionadas exclusivamente por Foodie tours Madrid para el mejor funcionamiento del Sitio Web. La informaci\u00f3n recogida se utiliza para mejorar la calidad del Sitio Web y su Contenido, as\u00ed como la experiencia del Usuario. Estas cookies permiten reconocer al Usuario como visitante recurrente del Sitio Web y adaptar el contenido para ofrecerle contenidos que se ajusten a sus preferencias.  <\/p>\n<h4>Cookies de terceros<\/h4>\n<p>Son cookies utilizadas y gestionadas por entidades externas que prestan a Foodie tours Madrid servicios solicitados por esta con el fin de mejorar el Sitio Web y la experiencia del Usuario al navegar por el mismo. Las principales finalidades para las que se utilizan las cookies de terceros son obtener estad\u00edsticas de acceso y analizar informaci\u00f3n de navegaci\u00f3n, es decir, c\u00f3mo interact\u00faa el Usuario con el Sitio Web. <\/p>\n<p>La informaci\u00f3n obtenida se refiere, por ejemplo, al n\u00famero de p\u00e1ginas visitadas, el idioma, la ubicaci\u00f3n asociada a la direcci\u00f3n IP desde la que accede el Usuario, el n\u00famero de Usuarios que acceden, la frecuencia y recurrencia de las visitas, la duraci\u00f3n de la visita, el navegador utilizado, el operador o el tipo de dispositivo desde el que se realiza la visita. Esta informaci\u00f3n se utiliza para mejorar el Sitio Web y detectar nuevas necesidades con el fin de ofrecer a los Usuarios un Contenido y\/o servicios de \u00f3ptima calidad. En cualquier caso, la informaci\u00f3n se recopila de forma an\u00f3nima y se elaboran informes de tendencias del Sitio Web sin identificar a los usuarios individuales.  <\/p>\n<p>Puede obtener m\u00e1s informaci\u00f3n sobre las cookies, la informaci\u00f3n de privacidad o consultar la descripci\u00f3n del tipo de cookies utilizadas, sus principales caracter\u00edsticas, periodo de caducidad, etc., en los siguientes enlaces:<\/p>\n<p>Google analytics: https:\/\/developers.google.com\/analytics<\/p>\n<p>La entidad o entidades responsables del suministro de cookies pueden transmitir esta informaci\u00f3n a terceros, siempre que as\u00ed lo exija la ley o cuando un tercero procese esta informaci\u00f3n en nombre de dichas entidades.<\/p>\n<h4>Cookies de redes sociales<\/h4>\n<p>Foodie tours Madrid incorpora plugins de redes sociales que permiten acceder a ellas desde el Sitio Web. Por este motivo, es posible que se almacenen cookies de redes sociales en el navegador del Usuario. Los propietarios de dichas redes sociales tienen sus propias pol\u00edticas de protecci\u00f3n de datos y cookies y son responsables en cada caso de sus propios ficheros y de sus propias pr\u00e1cticas de privacidad. El usuario deber\u00e1 remitirse a ellas para obtener informaci\u00f3n sobre dichas cookies y, en su caso, sobre el tratamiento de sus datos personales. A t\u00edtulo meramente informativo, a continuaci\u00f3n se indican los enlaces donde pueden consultarse dichas pol\u00edticas de privacidad y\/o cookies:    <\/p>\n<ul>\n<li>Facebook: <a href=\"https:\/\/www.facebook.com\/policies\/cookies\/\" target=\"_blank\" rel=\"noopener\">https:\/\/www.facebook.com\/policies\/cookies\/<\/a><\/li>\n<li>Twitter: <a href=\"https:\/\/twitter.com\/es\/privacy\" target=\"_blank\" rel=\"noopener\">https:\/\/twitter.com\/es\/privacy<\/a><\/li>\n<li>Instagram: <a href=\"https:\/\/help.instagram.com\/1896641480634370?ref=ig\" target=\"_blank\" rel=\"noopener\">https:\/\/help.instagram.com\/1896641480634370?ref=ig<\/a><\/li>\n<li>YouTube: <a href=\"https:\/\/policies.google.com\/privacy?hl=es-419&amp;gl=mx\" target=\"_blank\" rel=\"noopener\">https:\/\/policies.google.com\/privacy?hl=es-419&amp;gl=mx<\/a><\/li>\n<li>Pinterest: <a href=\"https:\/\/policy.pinterest.com\/es\/privacy-policy\" target=\"_blank\" rel=\"noopener\">https:\/\/policy.pinterest.com\/es\/privacy-policy<\/a><\/li>\n<li>LinkedIn: <a href=\"https:\/\/www.linkedin.com\/legal\/cookie-policy?trk=hp-cookies\" target=\"_blank\" rel=\"noopener\">https:\/\/www.linkedin.com\/legal\/cookie-policy?trk=hp-cookies<\/a><\/li>\n<\/ul>\n<h4>Desactivaci\u00f3n, rechazo y eliminaci\u00f3n de cookies<\/h4>\n<p>El Usuario puede desactivar, rechazar y eliminar las cookies, total o parcialmente, instaladas en su dispositivo configurando los ajustes de su navegador (por ejemplo, Chrome, Firefox, Safari, Explorer). En este sentido, los procedimientos para rechazar y eliminar las cookies pueden variar de un navegador de Internet a otro. Por consiguiente, el usuario deber\u00e1 consultar las instrucciones proporcionadas por el navegador de Internet que est\u00e9 utilizando. Si el Usuario rechaza el uso de cookies, ya sea en su totalidad o en parte, podr\u00e1 seguir utilizando el Sitio Web, aunque el uso de algunas de sus funciones puede verse limitado.<\/p>\n<p>[\/et_pb_text][\/et_pb_column][\/et_pb_row][\/et_pb_section]<\/p>\n","protected":false},"excerpt":{"rendered":"<p>COOKIE POLICYEl acceso a este sitio web puede implicar el uso de cookies. Las cookies son peque\u00f1as cantidades de informaci\u00f3n que se almacenan en el navegador utilizado por cada usuario \u2014en los diferentes dispositivos que pueda utilizar para navegar\u2014 para que el servidor recuerde cierta informaci\u00f3n que posteriormente y solo ser\u00e1 le\u00edda por el servidor [&hellip;]<\/p>\n","protected":false},"author":1,"featured_media":0,"parent":0,"menu_order":0,"comment_status":"closed","ping_status":"closed","template":"","meta":{"_acf_changed":false,"_et_pb_use_builder":"on","_et_pb_old_content":"","_et_gb_content_width":"","_joinchat":[],"footnotes":""},"class_list":["post-912","page","type-page","status-publish","hentry"],"acf":[],"_links":{"self":[{"href":"https:\/\/foodietoursmadrid.com\/es\/wp-json\/wp\/v2\/pages\/912","targetHints":{"allow":["GET"]}}],"collection":[{"href":"https:\/\/foodietoursmadrid.com\/es\/wp-json\/wp\/v2\/pages"}],"about":[{"href":"https:\/\/foodietoursmadrid.com\/es\/wp-json\/wp\/v2\/types\/page"}],"author":[{"embeddable":true,"href":"https:\/\/foodietoursmadrid.com\/es\/wp-json\/wp\/v2\/users\/1"}],"replies":[{"embeddable":true,"href":"https:\/\/foodietoursmadrid.com\/es\/wp-json\/wp\/v2\/comments?post=912"}],"version-history":[{"count":4,"href":"https:\/\/foodietoursmadrid.com\/es\/wp-json\/wp\/v2\/pages\/912\/revisions"}],"predecessor-version":[{"id":977,"href":"https:\/\/foodietoursmadrid.com\/es\/wp-json\/wp\/v2\/pages\/912\/revisions\/977"}],"wp:attachment":[{"href":"https:\/\/foodietoursmadrid.com\/es\/wp-json\/wp\/v2\/media?parent=912"}],"curies":[{"name":"wp","href":"https:\/\/api.w.org\/{rel}","templated":true}]}}