{"id":909,"date":"2025-10-10T08:55:36","date_gmt":"2025-10-10T06:55:36","guid":{"rendered":"https:\/\/foodietoursmadrid.com\/privacidad\/"},"modified":"2026-03-12T09:09:15","modified_gmt":"2026-03-12T08:09:15","slug":"privacidad","status":"publish","type":"page","link":"https:\/\/foodietoursmadrid.com\/es\/privacidad\/","title":{"rendered":"privacidad"},"content":{"rendered":"<p>[et_pb_section fb_built=\u00bb1&#8243; _builder_version=\u00bb4.27.4&#8243; _module_preset=\u00bbdefault\u00bb background_color=\u00bbRGBA(255,255,255,0)\u00bb global_colors_info=\u00bb{}\u00bb theme_builder_area=\u00bbpost_content\u00bb][et_pb_row use_custom_gutter=\u00bbon\u00bb gutter_width=\u00bb2&#8243; make_equal=\u00bbon\u00bb _builder_version=\u00bb4.27.4&#8243; _module_preset=\u00bbdefault\u00bb width=\u00bb90%\u00bb max_width=\u00bb100%\u00bb custom_padding=\u00bb2em||||false|false\u00bb locked=\u00bboff\u00bb global_colors_info=\u00bb{}\u00bb theme_builder_area=\u00bbpost_content\u00bb][et_pb_column type=\u00bb4_4&#8243; _builder_version=\u00bb4.27.4&#8243; _module_preset=\u00bbdefault\u00bb background_enable_image=\u00bboff\u00bb background_position=\u00bbbottom_center\u00bb border_radii=\u00bbon|5px|5px|5px|5px\u00bb global_colors_info=\u00bb{}\u00bb theme_builder_area=\u00bbpost_content\u00bb][et_pb_text _builder_version=\u00bb4.27.4&#8243; _module_preset=\u00bbdefault\u00bb text_font=\u00bbLato|300|||||||\u00bb text_text_color=\u00bb#333333&#8243; text_font_size=\u00bb21px\u00bb text_line_height=\u00bb1.5em\u00bb header_font=\u00bbCormorant Garamond|700|||||||\u00bb header_text_align=\u00bbleft\u00bb header_font_size=\u00bb48px\u00bb header_2_font=\u00bbCormorant Garamond|700||on|||||\u00bb header_2_text_align=\u00bbleft\u00bb header_2_font_size=\u00bb6vh\u00bb custom_margin=\u00bb0px||0px||true|false\u00bb custom_padding=\u00bb0px||2em||false|false\u00bb header_font_size_tablet=\u00bb36px\u00bb header_font_size_phone=\u00bb32px\u00bb header_font_size_last_edited=\u00bbon|phone\u00bb header_2_font_size_tablet=\u00bb4vh\u00bb header_2_font_size_phone=\u00bb4vh\u00bb header_2_font_size_last_edited=\u00bbon|tablet\u00bb global_colors_info=\u00bb{}\u00bb theme_builder_area=\u00bbpost_content\u00bb]<\/p>\n<h1>POL\u00cdTICA DE PRIVACIDAD Y PROTECCI\u00d3N DE DATOS<\/h1>\n<p>[\/et_pb_text][et_pb_text _builder_version=\u00bb4.27.4&#8243; _module_preset=\u00bbdefault\u00bb text_font=\u00bbLato|300|||||||\u00bb text_text_color=\u00bb#333333&#8243; text_font_size=\u00bb21px\u00bb text_line_height=\u00bb1.5em\u00bb header_font=\u00bbCormorant Garamond|700|||||||\u00bb header_text_align=\u00bbleft\u00bb header_font_size=\u00bb9vh\u00bb header_2_font=\u00bbCormorant Garamond|700||on|||||\u00bb header_2_text_align=\u00bbleft\u00bb header_2_font_size=\u00bb6vh\u00bb custom_margin=\u00bb0px||0px||true|false\u00bb custom_padding=\u00bb0px||2em||false|false\u00bb header_2_font_size_tablet=\u00bb4vh\u00bb header_2_font_size_phone=\u00bb4vh\u00bb header_2_font_size_last_edited=\u00bbon|tablet\u00bb global_colors_info=\u00bb{}\u00bb theme_builder_area=\u00bbpost_content\u00bb]<\/p>\n<p>De conformidad con la legislaci\u00f3n vigente, Foodie Tours Madrid (en adelante, tambi\u00e9n el Sitio Web) se compromete a adoptar las medidas t\u00e9cnicas y organizativas necesarias, de acuerdo con el nivel de seguridad adecuado al riesgo de los datos recogidos.<\/p>\n<h4>Leyes incorporadas a esta pol\u00edtica de privacidad<\/h4>\n<p>Esta pol\u00edtica de privacidad se adapta a la normativa espa\u00f1ola y europea vigente en materia de protecci\u00f3n de datos personales en Internet. En concreto, cumple con las siguientes normas: <\/p>\n<ul>\n<li>Reglamento (UE) 2016\/679 del Parlamento Europeo y del Consejo, de 27 de abril de 2016, relativo a la protecci\u00f3n de las personas f\u00edsicas en lo que respecta al tratamiento de datos personales y a la libre circulaci\u00f3n de estos datos (RGPD).<\/li>\n<li>Ley Org\u00e1nica 3\/2018, de 5 de diciembre, de Protecci\u00f3n de Datos Personales y garant\u00eda de los derechos digitales (LOPD-GDD).<\/li>\n<li>Real Decreto 1720\/2007, de 21 de diciembre, por el que se aprueba el Reglamento de desarrollo de la Ley Org\u00e1nica 15\/1999, de 13 de diciembre, de Protecci\u00f3n de Datos de Car\u00e1cter Personal (RDLOPD).<\/li>\n<li>Ley 34\/2002, de 11 de julio, de Servicios de la Sociedad de la Informaci\u00f3n y de Comercio Electr\u00f3nico (LSSI-CE).<\/li>\n<\/ul>\n<h4>Identidad del responsable del tratamiento de datos personales<\/h4>\n<p>El responsable del tratamiento de los datos personales recogidos en Foodie Tours Madrid es: Mar\u00eda del Pilar Hermida del Llano, con NIF: 02654832B (en adelante, el Responsable del Tratamiento). Los datos de contacto son los siguientes: <\/p>\n<p>El responsable del tratamiento de los datos personales recogidos en Foodie Tours Madrid es: , con NIF\/CIF: y domicilio social en: con los siguientes datos registrales: , cuyo representante es: (en adelante, el Responsable del Tratamiento). Los datos de contacto son los siguientes: <\/p>\n<p>Direcci\u00f3n: C\/ General Arrando 9A 5A 28010 Madrid<\/p>\n<p>Tel\u00e9fono de contacto: 667 421 025<\/p>\n<p>Fax:<\/p>\n<p>email: mapihermida@gmail.com<\/p>\n<h4>Sistema de archivo de datos personales<\/h4>\n<p>En cumplimiento del RGPD y la LOPD-GDD, le informamos que los datos personales recogidos por Foodie Tours Madrid, a trav\u00e9s de los formularios facilitados en sus p\u00e1ginas, ser\u00e1n incorporados y tratados en nuestro fichero con la finalidad de facilitar, agilizar y cumplir con los compromisos establecidos entre Foodie Tours Madrid y el Usuario, o mantener la relaci\u00f3n establecida en los formularios cumplimentados por el Usuario, o responder a una solicitud o consulta. Asimismo, de conformidad con el RGPD y la LOPD-GDD, salvo que sea de aplicaci\u00f3n la excepci\u00f3n prevista en el art\u00edculo 30.5 del RGPD, se mantiene un registro de actividades de tratamiento en el que se especifican, seg\u00fan sus finalidades, las actividades de tratamiento realizadas y las dem\u00e1s circunstancias establecidas en el RGPD. <\/p>\n<h4>Principios aplicables al tratamiento de datos personales<\/h4>\n<p>El tratamiento de los datos personales del Usuario estar\u00e1 sujeto a los siguientes principios establecidos en el art\u00edculo 5 del RGPD y en el art\u00edculo 4 y siguientes de la Ley Org\u00e1nica 3\/2018, de 5 de diciembre, de Protecci\u00f3n de Datos Personales y garant\u00eda de los derechos digitales:<\/p>\n<ul>\n<li>Principio de legalidad, equidad y transparencia: se requerir\u00e1 el consentimiento del usuario en todo momento, tras haber sido plenamente informado de los fines para los que se recogen los datos personales.<\/li>\n<li>Principio de limitaci\u00f3n de la finalidad: los datos personales se recopilar\u00e1n con fines espec\u00edficos, expl\u00edcitos y leg\u00edtimos.<\/li>\n<li>Principio de minimizaci\u00f3n de datos: los datos personales recogidos ser\u00e1n \u00fanicamente los estrictamente necesarios en relaci\u00f3n con los fines para los que se tratan.<\/li>\n<li>Principio de exactitud: los datos personales deben ser exactos y estar siempre actualizados.<\/li>\n<li>Principio de limitaci\u00f3n del almacenamiento: los datos personales se conservar\u00e1n en una forma que permita la identificaci\u00f3n del usuario durante un per\u00edodo no superior al necesario para los fines de su tratamiento.<\/li>\n<li>Principio de integridad y confidencialidad: los datos personales se tratar\u00e1n de forma que se garantice su seguridad y confidencialidad.<\/li>\n<li>Principio de responsabilidad proactiva: el responsable del tratamiento ser\u00e1 responsable de garantizar el cumplimiento de los principios anteriores.<\/li>\n<\/ul>\n<h4>Categor\u00edas de datos personales<\/h4>\n<p>Las categor\u00edas de datos tratados en Foodie Tours Madrid son exclusivamente datos de identificaci\u00f3n. En ning\u00fan caso se tratan categor\u00edas especiales de datos personales en el sentido del art\u00edculo 9 del RGPD. <\/p>\n<p>Las categor\u00edas de datos tratados en Foodie Tours Madrid incluyen tanto datos de identificaci\u00f3n como categor\u00edas especiales de datos personales en el sentido del art\u00edculo 9 del RGPD.<\/p>\n<p>Se entiende por categor\u00edas especiales de datos personales aquellos que revelan el origen racial o \u00e9tnico, las opiniones pol\u00edticas, las creencias religiosas o filos\u00f3ficas, o la afiliaci\u00f3n sindical, as\u00ed como el tratamiento de datos gen\u00e9ticos, datos biom\u00e9tricos con el fin de identificar de manera \u00fanica a una persona f\u00edsica, datos relativos a la salud o datos relativos a la vida sexual o la orientaci\u00f3n sexual de una persona f\u00edsica.<\/p>\n<p>El tratamiento de categor\u00edas especiales de datos personales requerir\u00e1 en todos los casos el consentimiento expl\u00edcito del usuario para uno o varios fines espec\u00edficos.<\/p>\n<h4>Base jur\u00eddica para el tratamiento de datos personales<\/h4>\n<p>La base legal para el tratamiento de los datos personales es el consentimiento. Foodie Tours Madrid se compromete a obtener el consentimiento expl\u00edcito y verificable del Usuario para el tratamiento de sus datos personales para uno o varios fines espec\u00edficos. <\/p>\n<p>El Usuario tendr\u00e1 derecho a retirar su consentimiento en cualquier momento. Retirar el consentimiento ser\u00e1 tan f\u00e1cil como darlo. Por regla general, la retirada del consentimiento no condicionar\u00e1 el uso del Sitio Web.  <\/p>\n<p>En los casos en que el Usuario deba o pueda facilitar sus datos a trav\u00e9s de formularios para realizar consultas, solicitar informaci\u00f3n o por motivos relacionados con el contenido del Sitio Web, se le informar\u00e1 si la cumplimentaci\u00f3n de alguno de los campos es obligatoria por ser imprescindible para la correcta realizaci\u00f3n de la operaci\u00f3n solicitada.<\/p>\n<h4>Purposes of the processing of personal data<\/h4>\n<p>Los datos personales son recogidos y gestionados por Foodie Tours Madrid con la finalidad de facilitar, agilizar y cumplir con los compromisos establecidos entre el Sitio Web y el Usuario, o mantener la relaci\u00f3n establecida en los formularios cumplimentados por este \u00faltimo, o responder a una solicitud o consulta.<\/p>\n<p>Asimismo, los datos podr\u00e1n ser utilizados con fines comerciales de personalizaci\u00f3n, operativos y estad\u00edsticos, y actividades relacionadas con el objeto social de Foodie Tours Madrid, as\u00ed como para la extracci\u00f3n de datos, almacenamiento y estudios de marketing con el fin de adaptar el contenido ofrecido al Usuario y mejorar la calidad, el funcionamiento y la navegaci\u00f3n del Sitio Web.<\/p>\n<p>En el momento en que se obtengan los datos personales, se informar\u00e1 al Usuario de la finalidad o finalidades espec\u00edficas del tratamiento para el que se utilizar\u00e1n los datos personales; es decir, el uso o usos que se har\u00e1n de la informaci\u00f3n recopilada.<\/p>\n<h4>Plazos de conservaci\u00f3n de los datos personales<\/h4>\n<p>Los datos personales solo se conservar\u00e1n durante el tiempo m\u00ednimo necesario para los fines de su tratamiento y, en cualquier caso, solo durante el siguiente periodo: , o hasta que el Usuario solicite su supresi\u00f3n.<\/p>\n<p>En el momento en que se obtengan los datos personales, se informar\u00e1 al Usuario del plazo durante el cual se conservar\u00e1n los datos personales o, cuando ello no sea posible, de los criterios utilizados para determinar dicho plazo.<\/p>\n<h4>Destinatarios de los datos personales<\/h4>\n<p>Los datos personales del usuario no se compartir\u00e1n con terceros.<\/p>\n<p>En cualquier caso, en el momento en que se obtengan los datos personales, se informar\u00e1 al Usuario de los destinatarios o categor\u00edas de destinatarios de los datos personales.<\/p>\n<p>Los datos personales del Usuario ser\u00e1n compartidos con los siguientes destinatarios o categor\u00edas de destinatarios:<\/p>\n<p>Raiola Networks S.L., con domicilio social en Avenida de Magoi, 66, Semis\u00f3tano Derecha, c\u00f3digo postal 27002 Lugo. Google Analytics <\/p>\n<p>Si el Responsable del tratamiento tiene la intenci\u00f3n de transferir datos personales a un tercer pa\u00eds u organizaci\u00f3n internacional, en el momento en que se obtengan los datos personales, se informar\u00e1 al Usuario del tercer pa\u00eds u organizaci\u00f3n internacional a la que se pretenden transferir los datos, as\u00ed como de la existencia o ausencia de una decisi\u00f3n de adecuaci\u00f3n por parte de la Comisi\u00f3n.<\/p>\n<h4>Datos personales de menores<\/h4>\n<p>De conformidad con el art\u00edculo 8 del RGPD y el art\u00edculo 7 de la Ley Org\u00e1nica 3\/2018, de 5 de diciembre, de Protecci\u00f3n de Datos Personales y garant\u00eda de los derechos digitales, solo las personas mayores de 14 a\u00f1os pueden dar su consentimiento legalmente v\u00e1lido para el tratamiento de sus datos personales por parte de Foodie Tours Madrid. En el caso de menores de 14 a\u00f1os, se requerir\u00e1 el consentimiento de los padres o tutores para el tratamiento, y dicho tratamiento solo se considerar\u00e1 l\u00edcito en la medida en que lo hayan autorizado. <\/p>\n<h4>Confidencialidad y seguridad de los datos personales<\/h4>\n<p>Foodie Tours Madrid se compromete a adoptar las medidas t\u00e9cnicas y organizativas necesarias, de acuerdo con el nivel de seguridad adecuado al riesgo de los datos recogidos, para garantizar la seguridad de los datos personales y evitar su destrucci\u00f3n accidental o il\u00edcita, la p\u00e9rdida o alteraci\u00f3n de los datos personales transmitidos, almacenados o tratados de cualquier otra forma, as\u00ed como la comunicaci\u00f3n o el acceso no autorizados a dichos datos.<\/p>\n<p>El sitio web cuenta con un certificado SSL (Secure Socket Layer), que garantiza que los datos personales se transmiten de forma segura y confidencial, ya que la transmisi\u00f3n de datos entre el servidor y el usuario, as\u00ed como en los comentarios, est\u00e1 totalmente encriptada.<\/p>\n<p>Sin embargo, dado que Foodie Tours Madrid no puede garantizar la invulnerabilidad de Internet ni la ausencia total de piratas inform\u00e1ticos u otras personas que puedan acceder fraudulentamente a los datos personales, el Responsable del tratamiento se compromete a notificar al Usuario sin demora injustificada cuando se produzca una violaci\u00f3n de los datos personales que pueda suponer un alto riesgo para los derechos y libertades de las personas f\u00edsicas. De conformidad con el art\u00edculo 4 del RGPD, se entiende por violaci\u00f3n de datos personales cualquier violaci\u00f3n de la seguridad que provoque la destrucci\u00f3n, p\u00e9rdida o alteraci\u00f3n accidental o il\u00edcita de datos personales transmitidos, almacenados o tratados de otro modo, o la divulgaci\u00f3n o el acceso no autorizados a dichos datos. <\/p>\n<p>Los datos personales ser\u00e1n tratados de forma confidencial por el responsable del tratamiento, quien se compromete a informar y garantizar, mediante obligaci\u00f3n legal o contractual, que dicha confidencialidad sea respetada por los empleados, socios y cualquier persona a la que se le facilite la informaci\u00f3n.<\/p>\n<h4>Derechos derivados del tratamiento de datos personales<\/h4>\n<p>El Usuario tiene derechos en relaci\u00f3n con Foodie Tours Madrid y, por lo tanto, puede ejercer ante el Responsable del Tratamiento los siguientes derechos reconocidos en el RGPD y en la Ley Org\u00e1nica 3\/2018, de 5 de diciembre, de Protecci\u00f3n de Datos Personales y garant\u00eda de derechos digitales:<\/p>\n<ul>\n<li>Derecho de acceso: Es el derecho del Usuario a obtener confirmaci\u00f3n sobre si Foodie Tours Madrid est\u00e1 tratando o no sus datos personales y, en tal caso, a obtener informaci\u00f3n sobre sus datos personales concretos y el tratamiento realizado o que se va a realizar por parte de Foodie Tours Madrid, as\u00ed como, entre otras cosas, la informaci\u00f3n disponible sobre el origen de dichos datos y los destinatarios de las comunicaciones realizadas o previstas con respecto a los mismos.<\/li>\n<li><em>Derecho de rectificaci\u00f3n:<\/em> Es el derecho del Usuario a que se modifiquen sus datos personales cuando sean inexactos o, teniendo en cuenta los fines del tratamiento, incompletos.<\/li>\n<li><em>Derecho de supresi\u00f3n (\u00abderecho al olvido\u00bb): <\/em>Es el derecho del usuario, salvo que la legislaci\u00f3n vigente disponga lo contrario, a obtener la supresi\u00f3n de sus datos personales cuando los datos ya no sean necesarios para los fines para los que fueron recogidos o tratados; el usuario haya retirado su consentimiento y no exista otra base jur\u00eddica para el tratamiento; el usuario se oponga al tratamiento y no exista otra raz\u00f3n leg\u00edtima para continuar con el tratamiento; los datos personales hayan sido tratados de forma il\u00edcita; los datos personales deben suprimirse en cumplimiento de una obligaci\u00f3n legal; o los datos personales se han obtenido como resultado de una oferta de servicios de la sociedad de la informaci\u00f3n a un menor de 14 a\u00f1os. Adem\u00e1s de suprimir los datos, el responsable del tratamiento, teniendo en cuenta la tecnolog\u00eda disponible y el coste de su aplicaci\u00f3n, debe tomar medidas razonables para informar a los responsables que tratan los datos personales de la solicitud del interesado de suprimir cualquier enlace a dichos datos personales. <\/li>\n<li><em>Derecho a la limitaci\u00f3n del tratamiento: <\/em>Es el derecho del Usuario a limitar el tratamiento de sus datos personales. El Usuario tiene derecho a obtener la limitaci\u00f3n del tratamiento cuando impugne la exactitud de sus datos personales; el tratamiento sea il\u00edcito; el Responsable del tratamiento ya no necesite los datos personales, pero el Usuario los necesite para la formulaci\u00f3n, el ejercicio o la defensa de reclamaciones; y cuando el Usuario se haya opuesto al tratamiento. <\/li>\n<li><em>Derecho a la portabilidad de los datos: <\/em>Cuando el tratamiento se realice por medios automatizados, el Usuario tendr\u00e1 derecho a recibir sus datos personales del Responsable del tratamiento en un formato estructurado, de uso com\u00fan y legible por m\u00e1quina, y a transmitirlos a otro responsable del tratamiento. Siempre que sea t\u00e9cnicamente posible, el Responsable del tratamiento transmitir\u00e1 los datos directamente a ese otro responsable del tratamiento. <\/li>\n<li><em>Derecho de oposici\u00f3n: <\/em>Es el derecho del Usuario a oponerse al tratamiento de sus datos personales o a solicitar que Foodie Tours Madrid deje de tratarlos.<\/li>\n<li><em>Derecho a no ser objeto de una decisi\u00f3n basada \u00fanicamente en el tratamiento automatizado, incluida la elaboraci\u00f3n de perfiles: <\/em>Es el derecho del usuario a no ser objeto de una decisi\u00f3n basada \u00fanicamente en el tratamiento automatizado de sus datos personales, incluida la elaboraci\u00f3n de perfiles, salvo que la legislaci\u00f3n vigente disponga lo contrario.<\/li>\n<\/ul>\n<p>Por lo tanto, el Usuario podr\u00e1 ejercer sus derechos mediante comunicaci\u00f3n escrita dirigida al Responsable del tratamiento con la referencia \u00abRGPD-foodietoursmadrid.com\/\u00bb, especificando:<\/p>\n<ul>\n<li>Nombre completo del Usuario y copia de su documento de identidad. En los casos en que se permita la representaci\u00f3n, tambi\u00e9n se requerir\u00e1 la identificaci\u00f3n por los mismos medios de la persona que represente al Usuario, as\u00ed como la prueba de la representaci\u00f3n. La fotocopia del documento de identidad podr\u00e1 sustituirse por cualquier otro medio legalmente v\u00e1lido que acredite la identidad.  <\/li>\n<li>Solicitud con los motivos espec\u00edficos de la solicitud o la informaci\u00f3n a la que se desea acceder.<\/li>\n<li>Direcci\u00f3n a efectos de notificaci\u00f3n.<\/li>\n<li>Fecha y firma del solicitante.<\/li>\n<li>Cualquier documento que respalde la solicitud realizada.<\/li>\n<\/ul>\n<p>Esta solicitud y cualquier otro documento adjunto pueden enviarse a la siguiente direcci\u00f3n postal y\/o direcci\u00f3n de correo electr\u00f3nico:<\/p>\n<p>Direcci\u00f3n: C\/ General Arrando 9A 5A 28010 Madrid<\/p>\n<p>Email: mapihermida@gmail.com<\/p>\n<h4>Enlaces a sitios web de terceros<\/h4>\n<p>El sitio web puede incluir hiperv\u00ednculos o enlaces que permiten acceder a p\u00e1ginas web de terceros ajenas a Foodie Tours Madrid y, por lo tanto, no gestionadas por Foodie Tours Madrid. Los propietarios de dichos sitios web tendr\u00e1n sus propias pol\u00edticas de protecci\u00f3n de datos y ser\u00e1n responsables en cada caso de sus propios archivos y de sus propias pr\u00e1cticas de privacidad. <\/p>\n<h4>Reclamaciones ante la autoridad de control<\/h4>\n<p>En caso de que el Usuario considere que existe un problema o una infracci\u00f3n de la normativa vigente en la forma en que se tratan sus datos personales, tendr\u00e1 derecho a la tutela judicial efectiva y a presentar una reclamaci\u00f3n ante una autoridad de control, en particular en el Estado en el que tenga su residencia habitual, lugar de trabajo o lugar de la supuesta infracci\u00f3n. En el caso de Espa\u00f1a, la autoridad de control es la https:\/\/www.aepd.es\/. <\/p>\n<h3>II. ACEPTACI\u00d3N Y MODIFICACIONES DE LA PRESENTE POL\u00cdTICA DE PRIVACIDAD <\/h3>\n<p>Es necesario que el Usuario haya le\u00eddo y est\u00e9 de acuerdo con las condiciones sobre la protecci\u00f3n de datos personales contenidas en la presente Pol\u00edtica de Privacidad, as\u00ed como que acepte el tratamiento de sus datos personales para que el Responsable del Tratamiento pueda proceder a dicho tratamiento en la forma, durante los plazos y para los fines indicados. El uso del Sitio Web implicar\u00e1 la aceptaci\u00f3n de la presente Pol\u00edtica de Privacidad. <\/p>\n<p>Foodie Tours Madrid se reserva el derecho a modificar su Pol\u00edtica de Privacidad, seg\u00fan su criterio, o por un cambio en la legislaci\u00f3n, jurisprudencia o doctrina de la Agencia Espa\u00f1ola de Protecci\u00f3n de Datos. Los cambios o actualizaciones de esta Pol\u00edtica de Privacidad no se notificar\u00e1n expl\u00edcitamente al Usuario. Se recomienda que el Usuario consulte esta p\u00e1gina peri\u00f3dicamente para estar al tanto de los \u00faltimos cambios o actualizaciones.  <\/p>\n<p>La presente Pol\u00edtica de Privacidad ha sido actualizada para adaptarla al Reglamento (UE) 2016\/679 del Parlamento Europeo y del Consejo, de 27 de abril de 2016, relativo a la protecci\u00f3n de las personas f\u00edsicas en lo que respecta al tratamiento de datos personales y a la libre circulaci\u00f3n de estos datos (RGPD) y a la Ley Org\u00e1nica 3\/2018, de 5 de diciembre, de Protecci\u00f3n de Datos Personales y garant\u00eda de los derechos digitales.<\/p>\n<p>[\/et_pb_text][\/et_pb_column][\/et_pb_row][\/et_pb_section]<\/p>\n","protected":false},"excerpt":{"rendered":"<p>POL\u00cdTICA DE PRIVACIDAD Y PROTECCI\u00d3N DE DATOSDe conformidad con la legislaci\u00f3n vigente, Foodie Tours Madrid (en adelante, tambi\u00e9n el Sitio Web) se compromete a adoptar las medidas t\u00e9cnicas y organizativas necesarias, de acuerdo con el nivel de seguridad adecuado al riesgo de los datos recogidos. Leyes incorporadas a esta pol\u00edtica de privacidad Esta pol\u00edtica de [&hellip;]<\/p>\n","protected":false},"author":1,"featured_media":0,"parent":0,"menu_order":0,"comment_status":"closed","ping_status":"closed","template":"","meta":{"_acf_changed":false,"_et_pb_use_builder":"on","_et_pb_old_content":"","_et_gb_content_width":"","_joinchat":[],"footnotes":""},"class_list":["post-909","page","type-page","status-publish","hentry"],"acf":[],"_links":{"self":[{"href":"https:\/\/foodietoursmadrid.com\/es\/wp-json\/wp\/v2\/pages\/909","targetHints":{"allow":["GET"]}}],"collection":[{"href":"https:\/\/foodietoursmadrid.com\/es\/wp-json\/wp\/v2\/pages"}],"about":[{"href":"https:\/\/foodietoursmadrid.com\/es\/wp-json\/wp\/v2\/types\/page"}],"author":[{"embeddable":true,"href":"https:\/\/foodietoursmadrid.com\/es\/wp-json\/wp\/v2\/users\/1"}],"replies":[{"embeddable":true,"href":"https:\/\/foodietoursmadrid.com\/es\/wp-json\/wp\/v2\/comments?post=909"}],"version-history":[{"count":4,"href":"https:\/\/foodietoursmadrid.com\/es\/wp-json\/wp\/v2\/pages\/909\/revisions"}],"predecessor-version":[{"id":985,"href":"https:\/\/foodietoursmadrid.com\/es\/wp-json\/wp\/v2\/pages\/909\/revisions\/985"}],"wp:attachment":[{"href":"https:\/\/foodietoursmadrid.com\/es\/wp-json\/wp\/v2\/media?parent=909"}],"curies":[{"name":"wp","href":"https:\/\/api.w.org\/{rel}","templated":true}]}}