{"id":905,"date":"2025-09-16T12:11:26","date_gmt":"2025-09-16T10:11:26","guid":{"rendered":"https:\/\/foodietoursmadrid.com\/foodie-tours-in-madrid\/"},"modified":"2026-03-24T13:00:42","modified_gmt":"2026-03-24T12:00:42","slug":"foodie-tours-in-madrid","status":"publish","type":"page","link":"https:\/\/foodietoursmadrid.com\/es\/foodie-tours-in-madrid\/","title":{"rendered":"Tours"},"content":{"rendered":"<p>[et_pb_section fb_built=\u00bb1&#8243; admin_label=\u00bbNOISE EFFECT\u00bb _builder_version=\u00bb4.27.4&#8243; _module_preset=\u00bbdefault\u00bb background_color=\u00bbRGBA(255,255,255,0)\u00bb positioning=\u00bbfixed\u00bb position_origin_f=\u00bbtop_center\u00bb z_index=\u00bb1&#8243; custom_margin=\u00bb0px||0px||false|false\u00bb custom_padding=\u00bb0px||0px||false|false\u00bb custom_css_main_element=\u00bbpointer-events: none !important;\u00bb locked=\u00bboff\u00bb global_colors_info=\u00bb{}\u00bb][et_pb_row _builder_version=\u00bb4.27.4&#8243; _module_preset=\u00bbdefault\u00bb background_color=\u00bbRGBA(255,255,255,0)\u00bb background_image=\u00bbhttps:\/\/foodietoursmadrid.com\/wp-content\/uploads\/2025\/08\/event-planner-2-ref-3.png\u00bb width=\u00bb100%\u00bb max_width=\u00bb100%\u00bb min_height=\u00bb100vh\u00bb custom_margin=\u00bb0px||0px||false|false\u00bb custom_padding=\u00bb0px||0px||false|false\u00bb global_colors_info=\u00bb{}\u00bb][et_pb_column type=\u00bb4_4&#8243; _builder_version=\u00bb4.23.4&#8243; _module_preset=\u00bbdefault\u00bb global_colors_info=\u00bb{}\u00bb][\/et_pb_column][\/et_pb_row][\/et_pb_section][et_pb_section fb_built=\u00bb1&#8243; _builder_version=\u00bb4.27.4&#8243; _module_preset=\u00bbdefault\u00bb background_color=\u00bbgcid-f7104ccc-07b9-4e72-946a-07a9fa367991&#8243; z_index=\u00bb0&#8243; custom_margin=\u00bb||||false|false\u00bb custom_padding=\u00bb||||false|false\u00bb global_colors_info=\u00bb{%22gcid-f7104ccc-07b9-4e72-946a-07a9fa367991%22:%91%22background_color%22%93}\u00bb][et_pb_row column_structure=\u00bb3_4,1_4&#8243; use_custom_gutter=\u00bbon\u00bb gutter_width=\u00bb2&#8243; make_equal=\u00bbon\u00bb _builder_version=\u00bb4.27.4&#8243; _module_preset=\u00bbdefault\u00bb z_index=\u00bb5&#8243; width=\u00bb90%\u00bb max_width=\u00bb100%\u00bb custom_padding=\u00bb0em||||false|false\u00bb custom_css_main_element=\u00bbalign-items:center;\u00bb locked=\u00bboff\u00bb global_colors_info=\u00bb{}\u00bb][et_pb_column type=\u00bb3_4&#8243; _builder_version=\u00bb4.27.4&#8243; _module_preset=\u00bbdefault\u00bb global_colors_info=\u00bb{}\u00bb][et_pb_text _builder_version=\u00bb4.27.4&#8243; _module_preset=\u00bbdefault\u00bb text_font=\u00bbLato|300|||||||\u00bb text_text_color=\u00bb#333333&#8243; text_font_size=\u00bb21px\u00bb text_line_height=\u00bb1.5em\u00bb header_font=\u00bbCormorant Garamond|700|||||||\u00bb header_text_align=\u00bbleft\u00bb header_font_size=\u00bb82px\u00bb header_2_font=\u00bbCormorant Garamond|700||on|||||\u00bb header_2_text_align=\u00bbleft\u00bb header_2_font_size=\u00bb48px\u00bb custom_margin=\u00bb0px||0px||true|false\u00bb custom_padding=\u00bb0em||0em||true|false\u00bb header_font_size_tablet=\u00bb5vh\u00bb header_font_size_phone=\u00bb42px\u00bb header_font_size_last_edited=\u00bbon|phone\u00bb header_2_font_size_tablet=\u00bb4vh\u00bb header_2_font_size_phone=\u00bb4vh\u00bb header_2_font_size_last_edited=\u00bbon|tablet\u00bb locked=\u00bboff\u00bb global_colors_info=\u00bb{}\u00bb]<\/p>\n<h1>FOODIE TOURS EN MADRID<br \/>Experiencias gastron\u00f3micas a Medida<\/h1>\n<p>Nuestros tours gastron\u00f3micos son m\u00e1s que simples paseos y degustaciones: son experiencias cuidadosamente dise\u00f1adas basadas en un profundo conocimiento culinario, informaci\u00f3n local y un verdadero amor por Madrid.<\/p>\n<p>Cada itinerario est\u00e1 elaborado artesanalmente por los expertos en gastronom\u00eda Mapi Hermida (La Gastr\u00f3noma) y Abraham Mart\u00edn, combinando sabores aut\u00e9nticos, encuentros significativos y momentos inolvidables.<\/p>\n<p>Seleccionamos cada lugar, plato y anfitri\u00f3n con un prop\u00f3sito personalizado seg\u00fan tus peticiones, para ofrecerte no solo una muestra de Madrid, sino una conexi\u00f3n genuina con su cultura gastron\u00f3mica.<\/p>\n<p>[\/et_pb_text][\/et_pb_column][et_pb_column type=\u00bb1_4&#8243; disabled_on=\u00bbon|off|off\u00bb _builder_version=\u00bb4.27.4&#8243; _module_preset=\u00bbdefault\u00bb global_colors_info=\u00bb{}\u00bb][et_pb_image src=\u00bbhttps:\/\/foodietoursmadrid.com\/wp-content\/uploads\/2025\/09\/tenedor.png\u00bb title_text=\u00bbtenedor\u00bb show_bottom_space=\u00bboff\u00bb align=\u00bbcenter\u00bb disabled_on=\u00bbon|off|off\u00bb _builder_version=\u00bb4.27.4&#8243; _module_preset=\u00bbdefault\u00bb positioning=\u00bbabsolute\u00bb position_origin_a=\u00bbcenter_center\u00bb position_origin_f=\u00bbcenter_right\u00bb z_index=\u00bb500&#8243; vertical_offset_tablet=\u00bb-248px\u00bb vertical_offset_phone=\u00bb-248px\u00bb vertical_offset_last_edited=\u00bbon|tablet\u00bb position_origin_a_tablet=\u00bbbottom_center\u00bb position_origin_a_phone=\u00bbbottom_center\u00bb position_origin_a_last_edited=\u00bbon|tablet\u00bb position_origin_f_tablet=\u00bbcenter_right\u00bb position_origin_f_phone=\u00bbcenter_right\u00bb position_origin_f_last_edited=\u00bbon|tablet\u00bb position_origin_r_tablet=\u00bb\u00bb position_origin_r_phone=\u00bb\u00bb position_origin_r_last_edited=\u00bbon|tablet\u00bb width=\u00bb70%\u00bb width_tablet=\u00bb30%\u00bb width_phone=\u00bb33%\u00bb width_last_edited=\u00bbon|tablet\u00bb custom_margin=\u00bb-2em||||false|false\u00bb hover_enabled=\u00bb0&#8243; positioning_tablet=\u00bbabsolute\u00bb positioning_phone=\u00bbnone\u00bb positioning_last_edited=\u00bbon|tablet\u00bb z_index_tablet=\u00bb63&#8243; z_index_phone=\u00bb63&#8243; z_index_last_edited=\u00bbon|tablet\u00bb global_colors_info=\u00bb{}\u00bb sticky_enabled=\u00bb0&#8243;][\/et_pb_image][\/et_pb_column][\/et_pb_row][\/et_pb_section][et_pb_section fb_built=\u00bb1&#8243; custom_padding_last_edited=\u00bbon|phone\u00bb admin_label=\u00bbSection\u00bb module_class=\u00bbseccion-scrollboster\u00bb _builder_version=\u00bb4.27.4&#8243; _module_preset=\u00bbdefault\u00bb background_color=\u00bbgcid-f7104ccc-07b9-4e72-946a-07a9fa367991&#8243; custom_padding=\u00bb||8em||false|false\u00bb custom_padding_tablet=\u00bb||8em||false|false\u00bb custom_padding_phone=\u00bb0px||8em||false|false\u00bb global_colors_info=\u00bb{%22gcid-f7104ccc-07b9-4e72-946a-07a9fa367991%22:%91%22background_color%22%93}\u00bb][et_pb_row custom_padding_last_edited=\u00bbon|phone\u00bb _builder_version=\u00bb4.27.4&#8243; _module_preset=\u00bbdefault\u00bb width=\u00bb90%\u00bb max_width=\u00bb100%\u00bb custom_padding=\u00bb2em||||false|false\u00bb custom_padding_tablet=\u00bb2em||||false|false\u00bb custom_padding_phone=\u00bb2em||0px||false|false\u00bb global_colors_info=\u00bb{}\u00bb][et_pb_column type=\u00bb4_4&#8243; _builder_version=\u00bb4.27.4&#8243; _module_preset=\u00bbdefault\u00bb global_colors_info=\u00bb{}\u00bb][et_pb_shop columns_number=\u00bb3&#8243; orderby=\u00bbdate-desc\u00bb icon_hover_color=\u00bbRGBA(255,255,255,0)\u00bb hover_overlay_color=\u00bbRGBA(255,255,255,0)\u00bb show_price=\u00bboff\u00bb show_rating=\u00bboff\u00bb show_sale_badge=\u00bboff\u00bb module_class=\u00bbshop-botones-right\u00bb _builder_version=\u00bb4.27.4&#8243; _module_preset=\u00bbdefault\u00bb title_font=\u00bbCormorant Garamond|600|||||||\u00bb title_font_size=\u00bb28px\u00bb title_line_height=\u00bb1.4em\u00bb price_font_size=\u00bb16px\u00bb background_enable_color=\u00bboff\u00bb custom_margin=\u00bb||0px||false|false\u00bb custom_padding=\u00bb||0px||false|false\u00bb hover_enabled=\u00bb0&#8243; custom_css_product=\u00bbbackground-color:rgba(255,255,255,0);||\u00bb custom_css_title=\u00bbpadding-left:16px!important;\u00bb border_radii_image=\u00bbon|5px|5px|5px|5px\u00bb global_colors_info=\u00bb{%22gcid-f7104ccc-07b9-4e72-946a-07a9fa367991%22:%91%22background_color%22%93}\u00bb sticky_enabled=\u00bb0&#8243;][\/et_pb_shop][\/et_pb_column][\/et_pb_row][\/et_pb_section]<\/p>\n","protected":false},"excerpt":{"rendered":"<p>FOODIE TOURS EN MADRIDExperiencias gastron\u00f3micas a Medida Nuestros tours gastron\u00f3micos son m\u00e1s que simples paseos y degustaciones: son experiencias cuidadosamente dise\u00f1adas basadas en un profundo conocimiento culinario, informaci\u00f3n local y un verdadero amor por Madrid. Cada itinerario est\u00e1 elaborado artesanalmente por los expertos en gastronom\u00eda Mapi Hermida (La Gastr\u00f3noma) y Abraham Mart\u00edn, combinando sabores aut\u00e9nticos, [&hellip;]<\/p>\n","protected":false},"author":1,"featured_media":0,"parent":0,"menu_order":0,"comment_status":"closed","ping_status":"closed","template":"","meta":{"_acf_changed":false,"_et_pb_use_builder":"on","_et_pb_old_content":"","_et_gb_content_width":"","_joinchat":[],"footnotes":""},"class_list":["post-905","page","type-page","status-publish","hentry"],"acf":[],"_links":{"self":[{"href":"https:\/\/foodietoursmadrid.com\/es\/wp-json\/wp\/v2\/pages\/905","targetHints":{"allow":["GET"]}}],"collection":[{"href":"https:\/\/foodietoursmadrid.com\/es\/wp-json\/wp\/v2\/pages"}],"about":[{"href":"https:\/\/foodietoursmadrid.com\/es\/wp-json\/wp\/v2\/types\/page"}],"author":[{"embeddable":true,"href":"https:\/\/foodietoursmadrid.com\/es\/wp-json\/wp\/v2\/users\/1"}],"replies":[{"embeddable":true,"href":"https:\/\/foodietoursmadrid.com\/es\/wp-json\/wp\/v2\/comments?post=905"}],"version-history":[{"count":10,"href":"https:\/\/foodietoursmadrid.com\/es\/wp-json\/wp\/v2\/pages\/905\/revisions"}],"predecessor-version":[{"id":1063,"href":"https:\/\/foodietoursmadrid.com\/es\/wp-json\/wp\/v2\/pages\/905\/revisions\/1063"}],"wp:attachment":[{"href":"https:\/\/foodietoursmadrid.com\/es\/wp-json\/wp\/v2\/media?parent=905"}],"curies":[{"name":"wp","href":"https:\/\/api.w.org\/{rel}","templated":true}]}}