{"id":897,"date":"2025-09-16T12:11:55","date_gmt":"2025-09-16T10:11:55","guid":{"rendered":"https:\/\/foodietoursmadrid.com\/conoce-a-nuestros-expertos-gastronomicos\/"},"modified":"2026-03-27T13:29:28","modified_gmt":"2026-03-27T12:29:28","slug":"conoce-a-nuestros-expertos-gastronomicos","status":"publish","type":"page","link":"https:\/\/foodietoursmadrid.com\/es\/conoce-a-nuestros-expertos-gastronomicos\/","title":{"rendered":"Nosotros"},"content":{"rendered":"<p>[et_pb_section fb_built=\u00bb1&#8243; admin_label=\u00bbNOISE EFFECT\u00bb _builder_version=\u00bb4.27.4&#8243; _module_preset=\u00bbdefault\u00bb background_color=\u00bbRGBA(255,255,255,0)\u00bb positioning=\u00bbfixed\u00bb position_origin_f=\u00bbtop_center\u00bb z_index=\u00bb1&#8243; custom_margin=\u00bb0px||0px||false|false\u00bb custom_padding=\u00bb0px||0px||false|false\u00bb custom_css_main_element=\u00bbpointer-events: none !important;\u00bb locked=\u00bboff\u00bb global_colors_info=\u00bb{}\u00bb][et_pb_row _builder_version=\u00bb4.27.4&#8243; _module_preset=\u00bbdefault\u00bb background_color=\u00bbRGBA(255,255,255,0)\u00bb background_image=\u00bbhttps:\/\/foodietoursmadrid.com\/wp-content\/uploads\/2026\/03\/event-planner-2-ref-3.webp\u00bb width=\u00bb100%\u00bb max_width=\u00bb100%\u00bb min_height=\u00bb100vh\u00bb custom_margin=\u00bb0px||0px||false|false\u00bb custom_padding=\u00bb0px||0px||false|false\u00bb hover_enabled=\u00bb0&#8243; global_colors_info=\u00bb{}\u00bb title_text=\u00bbevent-planner-2-ref-3&#8243; sticky_enabled=\u00bb0&#8243;][et_pb_column type=\u00bb4_4&#8243; _builder_version=\u00bb4.23.4&#8243; _module_preset=\u00bbdefault\u00bb global_colors_info=\u00bb{}\u00bb][\/et_pb_column][\/et_pb_row][\/et_pb_section][et_pb_section fb_built=\u00bb1&#8243; custom_padding_last_edited=\u00bbon|tablet\u00bb _builder_version=\u00bb4.27.4&#8243; _module_preset=\u00bbdefault\u00bb background_color=\u00bbgcid-f7104ccc-07b9-4e72-946a-07a9fa367991&#8243; custom_margin=\u00bb||||false|false\u00bb custom_padding=\u00bb||0px||false|false\u00bb custom_padding_tablet=\u00bb||0px||false|false\u00bb custom_padding_phone=\u00bb||0px||false|false\u00bb locked=\u00bboff\u00bb global_colors_info=\u00bb{%22gcid-f7104ccc-07b9-4e72-946a-07a9fa367991%22:%91%22background_color%22%93}\u00bb][et_pb_row use_custom_gutter=\u00bbon\u00bb gutter_width=\u00bb2&#8243; make_equal=\u00bbon\u00bb _builder_version=\u00bb4.27.4&#8243; _module_preset=\u00bbdefault\u00bb z_index=\u00bb5&#8243; width=\u00bb90%\u00bb max_width=\u00bb100%\u00bb custom_padding=\u00bb0em||||false|false\u00bb custom_css_main_element=\u00bbalign-items:center;\u00bb locked=\u00bboff\u00bb global_colors_info=\u00bb{}\u00bb][et_pb_column type=\u00bb4_4&#8243; _builder_version=\u00bb4.27.4&#8243; _module_preset=\u00bbdefault\u00bb global_colors_info=\u00bb{}\u00bb][et_pb_text _builder_version=\u00bb4.27.4&#8243; _module_preset=\u00bbdefault\u00bb text_font=\u00bbLato|300|||||||\u00bb text_text_color=\u00bb#333333&#8243; text_font_size=\u00bb21px\u00bb text_line_height=\u00bb1.5em\u00bb header_font=\u00bbCormorant Garamond|700|||||||\u00bb header_text_align=\u00bbleft\u00bb header_font_size=\u00bb9vh\u00bb header_2_font=\u00bbCormorant Garamond|700||on|||||\u00bb header_2_text_align=\u00bbleft\u00bb header_2_font_size=\u00bb6vh\u00bb custom_margin=\u00bb0px||0px||true|false\u00bb custom_padding=\u00bb0px||2em||false|false\u00bb custom_padding_tablet=\u00bb0px||2em||false|false\u00bb custom_padding_phone=\u00bb0px||1em||false|false\u00bb custom_padding_last_edited=\u00bbon|phone\u00bb header_font_size_tablet=\u00bb5vh\u00bb header_font_size_phone=\u00bb48px\u00bb header_font_size_last_edited=\u00bbon|tablet\u00bb header_2_font_size_tablet=\u00bb4vh\u00bb header_2_font_size_phone=\u00bb4vh\u00bb header_2_font_size_last_edited=\u00bbon|tablet\u00bb locked=\u00bboff\u00bb global_colors_info=\u00bb{}\u00bb]<\/p>\n<h1>CONOCE A NUESTROS EXPERTOS GASTRON\u00d3MICOS<\/h1>\n<p>No somos un tour gastron\u00f3mico m\u00e1s. Nuestras experiencias gastron\u00f3micas est\u00e1n dise\u00f1adas por <strong>Mapi Hermida<\/strong>, reconocida periodista gastron\u00f3mica y creadora de La Gastr\u00f3noma, y <strong>Abraham Mart\u00edn<\/strong>, exdirector de Marketing de TheFork (Tripadvisor Group). Conectamos a nuestros visitantes con lo mejor del universo culinario de Madrid \u2014 desde bares de tapas escondidos hasta mercados gastron\u00f3micos emblem\u00e1ticos \u2014 siempre con el conocimiento y la mirada de quienes realmente conocen la ciudad.<\/p>\n<p>[\/et_pb_text][et_pb_divider show_divider=\u00bboff\u00bb _builder_version=\u00bb4.27.4&#8243; _module_preset=\u00bbdefault\u00bb background_image=\u00bbhttps:\/\/foodietoursmadrid.com\/wp-content\/uploads\/2025\/09\/Foodie-tours-Madrid-mapi-hermida-y-abraham-martin-4.jpg\u00bb background_position=\u00bbbottom_center\u00bb background_vertical_offset=\u00bb35%\u00bb z_index=\u00bb500&#8243; custom_margin=\u00bb||||false|false\u00bb custom_padding=\u00bb22vh||22vh||true|false\u00bb custom_padding_tablet=\u00bb12vh||12vh||true|false\u00bb custom_padding_phone=\u00bb140px||140px||true|false\u00bb custom_padding_last_edited=\u00bbon|tablet\u00bb border_radii=\u00bbon|5px|5px|5px|5px\u00bb locked=\u00bboff\u00bb global_colors_info=\u00bb{}\u00bb][\/et_pb_divider][\/et_pb_column][\/et_pb_row][\/et_pb_section][et_pb_section fb_built=\u00bb1&#8243; _builder_version=\u00bb4.27.4&#8243; _module_preset=\u00bbdefault\u00bb background_color=\u00bbgcid-f7104ccc-07b9-4e72-946a-07a9fa367991&#8243; z_index=\u00bb0&#8243; custom_margin=\u00bb||||false|false\u00bb custom_padding=\u00bb2em||0px||false|false\u00bb locked=\u00bboff\u00bb global_colors_info=\u00bb{%22gcid-f7104ccc-07b9-4e72-946a-07a9fa367991%22:%91%22background_color%22%93}\u00bb][et_pb_row column_structure=\u00bb3_5,2_5&#8243; use_custom_gutter=\u00bbon\u00bb gutter_width=\u00bb2&#8243; make_equal=\u00bbon\u00bb _builder_version=\u00bb4.27.4&#8243; _module_preset=\u00bbdefault\u00bb z_index=\u00bb5&#8243; width=\u00bb90%\u00bb max_width=\u00bb100%\u00bb custom_padding=\u00bb0em||0em||true|false\u00bb custom_css_main_element=\u00bbalign-items:center;\u00bb locked=\u00bboff\u00bb global_colors_info=\u00bb{}\u00bb][et_pb_column type=\u00bb3_5&#8243; _builder_version=\u00bb4.27.4&#8243; _module_preset=\u00bbdefault\u00bb global_colors_info=\u00bb{}\u00bb][et_pb_text _builder_version=\u00bb4.27.4&#8243; _module_preset=\u00bbdefault\u00bb text_font=\u00bbLato|300|||||||\u00bb text_text_color=\u00bb#333333&#8243; text_font_size=\u00bb21px\u00bb text_line_height=\u00bb1.5em\u00bb header_font=\u00bbCormorant Garamond|700|||||||\u00bb header_text_align=\u00bbleft\u00bb header_font_size=\u00bb9vh\u00bb header_2_font=\u00bbCormorant Garamond|700||on|||||\u00bb header_2_text_align=\u00bbleft\u00bb header_2_font_size=\u00bb6vh\u00bb custom_margin=\u00bb0px||0px||true|false\u00bb custom_padding=\u00bb0px||1em||false|false\u00bb custom_padding_tablet=\u00bb0px||2em||false|false\u00bb custom_padding_phone=\u00bb0px||0em||false|false\u00bb custom_padding_last_edited=\u00bbon|phone\u00bb header_2_font_size_tablet=\u00bb4vh\u00bb header_2_font_size_phone=\u00bb36px\u00bb header_2_font_size_last_edited=\u00bbon|tablet\u00bb locked=\u00bboff\u00bb global_colors_info=\u00bb{}\u00bb]<\/p>\n<h2>Por qu\u00e9 importa<\/h2>\n<p>Juntos, <strong>Mapi<\/strong> y <strong>Abraham<\/strong> aportan una combinaci\u00f3n poco com\u00fan de narrativa, estrategia y acceso privilegiado a la escena gastron\u00f3mica de Madrid. Sus experiencias van mucho m\u00e1s all\u00e1 de una simple degustaci\u00f3n: son viajes culinarios inmersivos dise\u00f1ados por dos expertos que viven y respiran gastronom\u00eda.<\/p>\n<p>Cuando eliges uno de nuestros tours, descubres el Madrid aut\u00e9ntico \u2014 de la mano de quienes saben d\u00f3nde ir, qu\u00e9 probar y por qu\u00e9 merece la pena.<\/p>\n<p>[\/et_pb_text][et_pb_button button_url=\u00bbhttps:\/\/foodietoursmadrid.com\/wp-content\/uploads\/2026\/03\/dossier.pdf\u00bb url_new_window=\u00bbon\u00bb button_text=\u00bbDescargue nuestro dossier\u00bb button_alignment=\u00bbleft\u00bb button_alignment_tablet=\u00bbleft\u00bb button_alignment_phone=\u00bbcenter\u00bb button_alignment_last_edited=\u00bbon|phone\u00bb _builder_version=\u00bb4.27.4&#8243; _module_preset=\u00bbdefault\u00bb custom_button=\u00bbon\u00bb button_text_size=\u00bb24px\u00bb button_text_color=\u00bb#FFFFFF\u00bb button_bg_color=\u00bb#333333&#8243; button_border_width=\u00bb1px\u00bb button_border_color=\u00bb#333333&#8243; button_border_radius=\u00bb0px\u00bb button_font=\u00bbCormorant Garamond|700|||||||\u00bb button_on_hover=\u00bboff\u00bb custom_margin=\u00bb1em||2em||false|false\u00bb custom_padding=\u00bb16px||16px||true|false\u00bb custom_padding_tablet=\u00bb16px||16px||true|false\u00bb custom_padding_phone=\u00bb16px||16px||true|false\u00bb custom_padding_last_edited=\u00bbon|phone\u00bb custom_css_main_element=\u00bbline-height:1em!important;\u00bb locked=\u00bboff\u00bb global_colors_info=\u00bb{}\u00bb button_bg_color__hover_enabled=\u00bbon|desktop\u00bb button_bg_color__hover=\u00bbRGBA(255,255,255,0)\u00bb button_bg_enable_color__hover=\u00bbon\u00bb button_text_color__hover_enabled=\u00bbon|hover\u00bb button_text_color__hover=\u00bb#333333&#8243; button_border_color__hover_enabled=\u00bbon|hover\u00bb button_border_color__hover=\u00bb#333333&#8243;][\/et_pb_button][\/et_pb_column][et_pb_column type=\u00bb2_5&#8243; _builder_version=\u00bb4.27.4&#8243; _module_preset=\u00bbdefault\u00bb global_colors_info=\u00bb{}\u00bb][et_pb_image src=\u00bbhttps:\/\/foodietoursmadrid.com\/wp-content\/uploads\/2025\/12\/cruce-cuchara-y-tenedor.png\u00bb title_text=\u00bbcruce-cuchara-y-tenedor\u00bb show_bottom_space=\u00bboff\u00bb align=\u00bbcenter\u00bb _builder_version=\u00bb4.27.4&#8243; _module_preset=\u00bbdefault\u00bb positioning=\u00bbabsolute\u00bb position_origin_a=\u00bbcenter_center\u00bb position_origin_f=\u00bbcenter_right\u00bb z_index=\u00bb500&#8243; vertical_offset_tablet=\u00bb-248px\u00bb vertical_offset_phone=\u00bb-248px\u00bb vertical_offset_last_edited=\u00bbon|tablet\u00bb position_origin_a_tablet=\u00bbbottom_center\u00bb position_origin_a_phone=\u00bbbottom_center\u00bb position_origin_a_last_edited=\u00bbon|tablet\u00bb position_origin_f_tablet=\u00bbcenter_right\u00bb position_origin_f_phone=\u00bbcenter_right\u00bb position_origin_f_last_edited=\u00bbon|tablet\u00bb position_origin_r_tablet=\u00bb\u00bb position_origin_r_phone=\u00bb\u00bb position_origin_r_last_edited=\u00bbon|tablet\u00bb width=\u00bb70%\u00bb width_tablet=\u00bb50%\u00bb width_phone=\u00bb100%\u00bb width_last_edited=\u00bbon|tablet\u00bb custom_margin=\u00bb||||false|false\u00bb positioning_tablet=\u00bbnone\u00bb positioning_phone=\u00bbnone\u00bb positioning_last_edited=\u00bbon|tablet\u00bb z_index_tablet=\u00bb63&#8243; z_index_phone=\u00bb63&#8243; z_index_last_edited=\u00bbon|tablet\u00bb global_colors_info=\u00bb{}\u00bb][\/et_pb_image][\/et_pb_column][\/et_pb_row][et_pb_row use_custom_gutter=\u00bbon\u00bb gutter_width=\u00bb2&#8243; make_equal=\u00bbon\u00bb disabled_on=\u00bbon|on|off\u00bb _builder_version=\u00bb4.27.4&#8243; _module_preset=\u00bbdefault\u00bb z_index=\u00bb1&#8243; width=\u00bb90%\u00bb max_width=\u00bb100%\u00bb custom_padding=\u00bb2em||2em||false|false\u00bb locked=\u00bboff\u00bb global_colors_info=\u00bb{}\u00bb][et_pb_column type=\u00bb4_4&#8243; _builder_version=\u00bb4.27.4&#8243; _module_preset=\u00bbdefault\u00bb global_colors_info=\u00bb{}\u00bb][et_pb_divider color=\u00bb#000000&#8243; disabled_on=\u00bbon|off|off\u00bb _builder_version=\u00bb4.27.4&#8243; _module_preset=\u00bbdefault\u00bb global_colors_info=\u00bb{}\u00bb][\/et_pb_divider][\/et_pb_column][\/et_pb_row][\/et_pb_section][et_pb_section fb_built=\u00bb1&#8243; custom_padding_last_edited=\u00bbon|phone\u00bb _builder_version=\u00bb4.27.4&#8243; _module_preset=\u00bbdefault\u00bb background_color=\u00bbgcid-f7104ccc-07b9-4e72-946a-07a9fa367991&#8243; custom_margin=\u00bb0px||10em||false|false\u00bb custom_padding=\u00bb0px||0em||false|false\u00bb custom_padding_tablet=\u00bb0px||10em||false|false\u00bb custom_padding_phone=\u00bb0px||4em||false|false\u00bb global_colors_info=\u00bb{%22gcid-f7104ccc-07b9-4e72-946a-07a9fa367991%22:%91%22background_color%22%93}\u00bb][et_pb_row column_structure=\u00bb1_2,1_2&#8243; use_custom_gutter=\u00bbon\u00bb gutter_width=\u00bb4&#8243; make_equal=\u00bbon\u00bb _builder_version=\u00bb4.27.4&#8243; _module_preset=\u00bbdefault\u00bb width=\u00bb90%\u00bb max_width=\u00bb1400px\u00bb custom_padding=\u00bb2em||||false|false\u00bb custom_css_main_element=\u00bbdisplay: flex;||flex-direction: row;||flex-wrap: wrap;||justify-content: space-between;\u00bb global_colors_info=\u00bb{}\u00bb][et_pb_column type=\u00bb1_2&#8243; _builder_version=\u00bb4.27.4&#8243; _module_preset=\u00bbdefault\u00bb global_colors_info=\u00bb{}\u00bb][et_pb_divider show_divider=\u00bboff\u00bb _builder_version=\u00bb4.27.4&#8243; _module_preset=\u00bbdefault\u00bb background_image=\u00bbhttps:\/\/foodietoursmadrid.com\/wp-content\/uploads\/2025\/09\/Mapi.jpg\u00bb background_position=\u00bbtop_center\u00bb custom_padding=\u00bb25vh||25vh||true|false\u00bb custom_padding_tablet=\u00bb25vh||25vh||true|false\u00bb custom_padding_phone=\u00bb150px||150px||true|false\u00bb custom_padding_last_edited=\u00bbon|phone\u00bb border_radii=\u00bbon|5px|5px|5px|5px\u00bb locked=\u00bboff\u00bb global_colors_info=\u00bb{}\u00bb][\/et_pb_divider][et_pb_text _builder_version=\u00bb4.27.4&#8243; _module_preset=\u00bbdefault\u00bb header_font=\u00bbCormorant Garamond|700|||||||\u00bb header_text_align=\u00bbleft\u00bb header_font_size=\u00bb9vh\u00bb header_2_font=\u00bbCormorant Garamond|700|||||||\u00bb header_2_text_align=\u00bbleft\u00bb header_2_font_size=\u00bb6vh\u00bb custom_margin=\u00bb||0px||false|false\u00bb custom_padding=\u00bb2em||1em||false|false\u00bb custom_padding_tablet=\u00bb||1em||false|false\u00bb custom_padding_phone=\u00bb||1em||false|false\u00bb custom_padding_last_edited=\u00bbon|tablet\u00bb header_2_font_size_tablet=\u00bb4vh\u00bb header_2_font_size_phone=\u00bb36px\u00bb header_2_font_size_last_edited=\u00bbon|tablet\u00bb locked=\u00bboff\u00bb global_colors_info=\u00bb{}\u00bb]<\/p>\n<h2>Mapi Hermida<\/h2>\n<p>[\/et_pb_text][et_pb_text _builder_version=\u00bb4.27.4&#8243; _module_preset=\u00bbdefault\u00bb text_font=\u00bbLato|300|||||||\u00bb text_text_color=\u00bb#333333&#8243; text_font_size=\u00bb21px\u00bb text_line_height=\u00bb1.5em\u00bb header_font=\u00bbCormorant Garamond|700|||||||\u00bb header_text_align=\u00bbleft\u00bb header_font_size=\u00bb9vh\u00bb header_2_font=\u00bbCormorant Garamond|700||on|||||\u00bb header_2_text_align=\u00bbleft\u00bb header_2_font_size=\u00bb6vh\u00bb custom_margin=\u00bb0px||0px||true|false\u00bb custom_padding=\u00bb0px||0em||false|false\u00bb global_colors_info=\u00bb{}\u00bb]<\/p>\n<div class=\"leerMasContenido\">\n<p>Nacida y criada en Madrid, Mapi Hermida es la fuerza creativa detr\u00e1s de La Gastr\u00f3noma, una de las marcas gastron\u00f3micas m\u00e1s influyentes de Espa\u00f1a. Con m\u00e1s de 150.000 seguidores, un podcast de \u00e9xito, apariciones habituales en medios y su propio libro, Mapi es una voz l\u00edder en la cultura gastron\u00f3mica espa\u00f1ola. <span class=\"puntos\">&#8230;<\/span><br \/><span class=\"mas-contenido\">Es licenciada en Periodismo por la Universidad Complutense de Madrid y cuenta con estudios de posgrado en empresa y comunicaci\u00f3n digital en IE e ISDI, incluida formaci\u00f3n internacional en Australia. Su carrera abarca m\u00e1s de 20 a\u00f1os en marcas de consumo l\u00edderes como Heineken, L&#8217;Or\u00e9al, Grupo D\u00eda y Air France, adem\u00e1s de experiencia en docencia y comunicaci\u00f3n estrat\u00e9gica.<br \/>La pasi\u00f3n de Mapi por la comida va m\u00e1s all\u00e1 del plato: explora las capas emocionales y culturales de la gastronom\u00eda. Reconocida entre las principales mujeres del sector gastron\u00f3mico en Espa\u00f1a, es conocida por su capacidad para descubrir historias ocultas, conectar a las personas con sabores aut\u00e9nticos y marcar tendencias. Como La Gastr\u00f3noma, ofrece una mezcla \u00fanica de narrativa, conocimiento y coraz\u00f3n.<\/span><\/p>\n<p><button class=\"btn-leer-mas\">Leer m\u00e1s  &gt;&gt; <\/button><\/p>\n<\/div>\n<p>[\/et_pb_text][et_pb_image src=\u00bbhttps:\/\/foodietoursmadrid.com\/wp-content\/uploads\/2025\/08\/Mapi-Hermida-Firma-1.png\u00bb title_text=\u00bbMapi-Hermida-Firma-1&#8243; show_bottom_space=\u00bboff\u00bb align=\u00bbright\u00bb align_tablet=\u00bbright\u00bb align_phone=\u00bbright\u00bb align_last_edited=\u00bbon|phone\u00bb _builder_version=\u00bb4.27.4&#8243; _module_preset=\u00bbdefault\u00bb width=\u00bb33%\u00bb width_tablet=\u00bb30%\u00bb width_phone=\u00bb50%\u00bb width_last_edited=\u00bbon|tablet\u00bb custom_margin=\u00bb||||false|false\u00bb custom_padding=\u00bb||||false|false\u00bb global_colors_info=\u00bb{}\u00bb][\/et_pb_image][et_pb_code _builder_version=\u00bb4.27.4&#8243; _module_preset=\u00bbdefault\u00bb global_colors_info=\u00bb{}\u00bb]<!-- [et_pb_line_break_holder] --><script><!-- [et_pb_line_break_holder] -->document.querySelectorAll('.leerMasContenido').forEach(function(item){<!-- [et_pb_line_break_holder] -->            const dots = item.querySelector('.puntos'),<!-- [et_pb_line_break_holder] -->                  moreText = item.querySelector('.mas-contenido'),<!-- [et_pb_line_break_holder] -->                  btnText = item.querySelector('.btn-leer-mas');<!-- [et_pb_line_break_holder] -->            btnText.onclick = function(){<!-- [et_pb_line_break_holder] -->                if (dots.style.display === \"none\") {<!-- [et_pb_line_break_holder] -->                    dots.style.display = \"inline\";<!-- [et_pb_line_break_holder] -->                    btnText.innerHTML = \"Leer m\u00e1s\";<!-- [et_pb_line_break_holder] -->                    moreText.style.display = \"none\";<!-- [et_pb_line_break_holder] -->                } else {<!-- [et_pb_line_break_holder] -->                    dots.style.display = \"none\";<!-- [et_pb_line_break_holder] -->                    btnText.innerHTML = \"Close\";<!-- [et_pb_line_break_holder] -->                    moreText.style.display = \"inline\";<!-- [et_pb_line_break_holder] -->                }<!-- [et_pb_line_break_holder] -->            }<!-- [et_pb_line_break_holder] -->        })<!-- [et_pb_line_break_holder] --><\/script>[\/et_pb_code][\/et_pb_column][et_pb_column type=\u00bb1_2&#8243; _builder_version=\u00bb4.27.4&#8243; _module_preset=\u00bbdefault\u00bb background_enable_image=\u00bboff\u00bb background_position=\u00bbbottom_center\u00bb border_radii=\u00bbon|5px|5px|5px|5px\u00bb global_colors_info=\u00bb{}\u00bb][et_pb_divider show_divider=\u00bboff\u00bb _builder_version=\u00bb4.27.4&#8243; _module_preset=\u00bbdefault\u00bb background_image=\u00bbhttps:\/\/foodietoursmadrid.com\/wp-content\/uploads\/2025\/09\/Abraham.jpg\u00bb background_position=\u00bbtop_center\u00bb custom_padding=\u00bb25vh||25vh||true|false\u00bb custom_padding_tablet=\u00bb25vh||25vh||true|false\u00bb custom_padding_phone=\u00bb150px||150px||true|false\u00bb custom_padding_last_edited=\u00bbon|phone\u00bb border_radii=\u00bbon|5px|5px|5px|5px\u00bb locked=\u00bboff\u00bb global_colors_info=\u00bb{}\u00bb][\/et_pb_divider][et_pb_text _builder_version=\u00bb4.27.4&#8243; _module_preset=\u00bbdefault\u00bb header_font=\u00bbCormorant Garamond|700|||||||\u00bb header_text_align=\u00bbleft\u00bb header_font_size=\u00bb9vh\u00bb header_2_font=\u00bbCormorant Garamond|700|||||||\u00bb header_2_text_align=\u00bbleft\u00bb header_2_font_size=\u00bb6vh\u00bb custom_margin=\u00bb||0px||false|false\u00bb custom_padding=\u00bb2em||1em||false|false\u00bb custom_padding_tablet=\u00bb||1em||false|false\u00bb custom_padding_phone=\u00bb||1em||false|false\u00bb custom_padding_last_edited=\u00bbon|tablet\u00bb header_2_font_size_tablet=\u00bb4vh\u00bb header_2_font_size_phone=\u00bb36px\u00bb header_2_font_size_last_edited=\u00bbon|tablet\u00bb locked=\u00bboff\u00bb global_colors_info=\u00bb{}\u00bb]<\/p>\n<h2>Abraham Mart\u00edn<\/h2>\n<p>[\/et_pb_text][et_pb_text _builder_version=\u00bb4.27.4&#8243; _module_preset=\u00bbdefault\u00bb text_font=\u00bbLato|300|||||||\u00bb text_text_color=\u00bb#333333&#8243; text_font_size=\u00bb21px\u00bb text_line_height=\u00bb1.5em\u00bb header_font=\u00bbCormorant Garamond|700|||||||\u00bb header_text_align=\u00bbleft\u00bb header_font_size=\u00bb9vh\u00bb header_2_font=\u00bbCormorant Garamond|700||on|||||\u00bb header_2_text_align=\u00bbleft\u00bb header_2_font_size=\u00bb6vh\u00bb custom_margin=\u00bb0px||0px||true|false\u00bb custom_padding=\u00bb0px||0em||false|false\u00bb locked=\u00bboff\u00bb global_colors_info=\u00bb{}\u00bb]<\/p>\n<div class=\"leerMasContenido\">\n<p>A Abraham Martin le apasionan los viajes y la gastronom\u00eda desde muy joven, cuando empez\u00f3 a descubrir con su familia los rincones m\u00e1s encantadores de Espa\u00f1a y del mundo. Esta pasi\u00f3n por el sector de la restauraci\u00f3n ha estado estrechamente ligada a su desarrollo profesional desde que termin\u00f3 sus estudios universitarios en el Reino Unido,<span class=\"puntos\">&#8230;<\/span> <span class=\"mas-contenido\">convirti\u00e9ndose en un referente en marketing y desarrollo de producto en multinacionales como McDonald\u2019s, KFC y The Fork (TripAdvisor Group), entre otras.<br \/>\nAdem\u00e1s, cuenta con una amplia experiencia en el sector de los viajes y las experiencias de viaje, habiendo liderado proyectos globales en empresas como Civitatis y Pangea The Travel Store, lo que le ha ayudado a dise\u00f1ar y ofrecer experiencias memorables para todos sus clientes.<br \/>\nAbraham combina profundo conocimiento de las tendencias gastron\u00f3micas, la experiencia del cliente y los ecosistemas digitales. Su visi\u00f3n estrat\u00e9gica y su pasi\u00f3n por la gastronom\u00eda garantizan que cada experiencia que ofrecemos no solo sea aut\u00e9ntica, sino tambi\u00e9n dise\u00f1ada de forma profesional y ejecutada con el m\u00e1ximo detalle.<\/span><\/p>\n<p><button class=\"btn-leer-mas\">Leer m\u00e1s &gt;&gt;  <\/button><\/p>\n<\/div>\n<p>[\/et_pb_text][et_pb_image src=\u00bbhttps:\/\/foodietoursmadrid.com\/wp-content\/uploads\/2025\/09\/Abraham.png\u00bb title_text=\u00bbAbraham\u00bb show_bottom_space=\u00bboff\u00bb align=\u00bbright\u00bb align_tablet=\u00bbright\u00bb align_phone=\u00bbright\u00bb align_last_edited=\u00bbon|phone\u00bb _builder_version=\u00bb4.27.4&#8243; _module_preset=\u00bbdefault\u00bb transform_scale=\u00bb85%|85%\u00bb width=\u00bb30%\u00bb width_tablet=\u00bb35%\u00bb width_phone=\u00bb50%\u00bb width_last_edited=\u00bbon|phone\u00bb custom_margin=\u00bb||||false|false\u00bb custom_padding=\u00bb||||false|false\u00bb custom_padding_tablet=\u00bb|||4em|false|false\u00bb custom_padding_phone=\u00bb|||10em|false|false\u00bb custom_padding_last_edited=\u00bboff|desktop\u00bb global_colors_info=\u00bb{}\u00bb][\/et_pb_image][et_pb_code _builder_version=\u00bb4.27.4&#8243; _module_preset=\u00bbdefault\u00bb global_colors_info=\u00bb{}\u00bb]<!-- [et_pb_line_break_holder] --><script><!-- [et_pb_line_break_holder] -->document.querySelectorAll('.leerMasContenido').forEach(function(item){<!-- [et_pb_line_break_holder] -->            const dots = item.querySelector('.puntos'),<!-- [et_pb_line_break_holder] -->                  moreText = item.querySelector('.mas-contenido'),<!-- [et_pb_line_break_holder] -->                  btnText = item.querySelector('.btn-leer-mas');<!-- [et_pb_line_break_holder] -->            btnText.onclick = function(){<!-- [et_pb_line_break_holder] -->                if (dots.style.display === \"none\") {<!-- [et_pb_line_break_holder] -->                    dots.style.display = \"inline\";<!-- [et_pb_line_break_holder] -->                    btnText.innerHTML = \"Leer m\u00e1s\";<!-- [et_pb_line_break_holder] -->                    moreText.style.display = \"none\";<!-- [et_pb_line_break_holder] -->                } else {<!-- [et_pb_line_break_holder] -->                    dots.style.display = \"none\";<!-- [et_pb_line_break_holder] -->                    btnText.innerHTML = \"Close\";<!-- [et_pb_line_break_holder] -->                    moreText.style.display = \"inline\";<!-- [et_pb_line_break_holder] -->                }<!-- [et_pb_line_break_holder] -->            }<!-- [et_pb_line_break_holder] -->        })<!-- [et_pb_line_break_holder] --><\/script>[\/et_pb_code][\/et_pb_column][\/et_pb_row][\/et_pb_section]<\/p>\n","protected":false},"excerpt":{"rendered":"<p>CONOCE A NUESTROS EXPERTOS GASTRON\u00d3MICOS No somos un tour gastron\u00f3mico m\u00e1s. Nuestras experiencias gastron\u00f3micas est\u00e1n dise\u00f1adas por Mapi Hermida, reconocida periodista gastron\u00f3mica y creadora de La Gastr\u00f3noma, y Abraham Mart\u00edn, exdirector de Marketing de TheFork (Tripadvisor Group). Conectamos a nuestros visitantes con lo mejor del universo culinario de Madrid \u2014 desde bares de tapas escondidos [&hellip;]<\/p>\n","protected":false},"author":1,"featured_media":0,"parent":0,"menu_order":0,"comment_status":"closed","ping_status":"closed","template":"","meta":{"_acf_changed":false,"_et_pb_use_builder":"on","_et_pb_old_content":"","_et_gb_content_width":"","_joinchat":[],"footnotes":""},"class_list":["post-897","page","type-page","status-publish","hentry"],"acf":[],"_links":{"self":[{"href":"https:\/\/foodietoursmadrid.com\/es\/wp-json\/wp\/v2\/pages\/897","targetHints":{"allow":["GET"]}}],"collection":[{"href":"https:\/\/foodietoursmadrid.com\/es\/wp-json\/wp\/v2\/pages"}],"about":[{"href":"https:\/\/foodietoursmadrid.com\/es\/wp-json\/wp\/v2\/types\/page"}],"author":[{"embeddable":true,"href":"https:\/\/foodietoursmadrid.com\/es\/wp-json\/wp\/v2\/users\/1"}],"replies":[{"embeddable":true,"href":"https:\/\/foodietoursmadrid.com\/es\/wp-json\/wp\/v2\/comments?post=897"}],"version-history":[{"count":27,"href":"https:\/\/foodietoursmadrid.com\/es\/wp-json\/wp\/v2\/pages\/897\/revisions"}],"predecessor-version":[{"id":1121,"href":"https:\/\/foodietoursmadrid.com\/es\/wp-json\/wp\/v2\/pages\/897\/revisions\/1121"}],"wp:attachment":[{"href":"https:\/\/foodietoursmadrid.com\/es\/wp-json\/wp\/v2\/media?parent=897"}],"curies":[{"name":"wp","href":"https:\/\/api.w.org\/{rel}","templated":true}]}}